{"id":3217,"date":"2021-10-30T12:16:58","date_gmt":"2021-10-30T10:16:58","guid":{"rendered":"https:\/\/hayduk.pl\/terms-of-stay\/"},"modified":"2025-04-24T14:07:31","modified_gmt":"2025-04-24T12:07:31","slug":"terms-of-stay","status":"publish","type":"page","link":"https:\/\/hayduk.pl\/en\/terms-of-stay\/","title":{"rendered":"Terms of Stay"},"content":{"rendered":"\r\n<ol>\r\n<li>Apartamenty wynajmowane s\u0105 na doby, doba zaczyna si\u0119 o godz. 15.00 i ko\u0144czy o godz. 11.00 ostatniego dnia pobytu.<\/li>\r\n<li>Obiekt \u015bwiadczy us\u0142ugi zgodnie ze swoim standardem. Aktualne opisy poszczeg\u00f3lnych apartament\u00f3w oraz ich wyposa\u017cenia znajduj\u0105 si\u0119 na stronie internetowej obiektu https:\/\/hayduk.pl .<\/li>\r\n<li>Obiekt nie posiada recepcji , wszelkie formalno\u015bci za\u0142atwiane s\u0105 w biurze obiektu.<\/li>\r\n<li>Obiekt zapewnia : odpowiednie warunki do wygodnego wypoczynku go\u015bcia, bezpiecze\u0144stwo oraz poufno\u015b\u0107 pobytu Go\u015bcia, mi\u0142\u0105 i profesjonaln\u0105 obs\u0142ug\u0119, na wyra\u017ane \u017cyczenie Go\u015bcia\u00a0 sprz\u0105tnie apartamentu oraz wymian\u0119 r\u0119cznik\u00f3w w trakcie pobytu d\u0142u\u017cszego ni\u017c 1 doba. Sprz\u0105tnie apartament\u00f3w przy pobytach d\u0142u\u017cszych 1 raz w tygodniu od poniedzia\u0142ku do pi\u0105tku.<\/li>\r\n<li>Obiekt uwzgl\u0119dni pro\u015bb\u0119 przed\u0142u\u017cenia pobytu w miar\u0119 mo\u017cliwo\u015bci tzn. w przypadku kiedy b\u0119dzie dysponowa\u0142 wolnym apartamentem.<\/li>\r\n<li>Go\u015b\u0107 nie mo\u017ce przekaza\u0107 op\u0142aconego apartamentu osobom trzecim, nawet w przypadku kiedy nie wykorzysta\u0142 ca\u0142ego op\u0142aconego pobytu.<\/li>\r\n<li>Rezerwacji mog\u0105 dokonywa\u0107 tylko osoby pe\u0142noletnie.<\/li>\r\n<li>W przypadku pobytu z osobami nieletnimi pe\u0142noletni rezerwuj\u0105cy ma obowi\u0105zek powiadomi\u0107 o tym gospodarza oraz przed\u0142o\u017cy\u0107 odpowiedni dokument potwierdzaj\u0105cy, \u017ce mo\u017ce przebywa\u0107 z nieletnim tzn. \u017ce jest rodzicem dziecka lub jego opiekunem.<\/li>\r\n<li>Dzieci \u015bpi\u0105 na dost\u0119pnych \u0142\u00f3\u017ckach.<\/li>\r\n<li>W obiekcie nie akceptujemy zwierz\u0105t.\u00a0<\/li>\r\n<li>W apartamentach obowi\u0105zuje ca\u0142kowity zakaz palenia tytoniu. Za niezastosowanie si\u0119 do zakazu Go\u015b\u0107 b\u0119dzie obci\u0105\u017cony kosztami za straty poniesione przez obiekt za neutralizacj\u0119 zapachu dymu tytoniowego w wysoko\u015bci 1000,00 PLN oraz dodatkowo kosztami zwi\u0105zanymi z uruchomieniem systemu przeciwpo\u017carowego i dojazdu odpowiednich s\u0142u\u017cb (mandat).<\/li>\r\n<li>Palenie jest dozwolone w wyznaczonym i oznakowanym miejscu przy holu recepcyjnym<\/li>\r\n<li>Cisza nocna obowi\u0105zuje od godz. 22.00 do godz. 6.00 rano.<\/li>\r\n<li>Osoby niezameldowane w obiekcie mog\u0105 przebywa\u0107 na jego terenie od godziny 6.00 do 20.00 .<\/li>\r\n<li>Go\u015bcie obiektu ponosz\u0105 odpowiedzialno\u015b\u0107 za wszelkie szkody wyrz\u0105dzone w pokojach. Szkoda oznacza zar\u00f3wno zniszczenie lub uszkodzenie element\u00f3w wyposa\u017cenia pokoju jak ich utrat\u0119.<\/li>\r\n<li>W przypadku powstania szkody podczas pobytu, Go\u015b\u0107 jest zobowi\u0105zany do pokrycia koszt\u00f3w jej naprawy. Za szkody wyrz\u0105dzone przez dzieci odpowiadaj\u0105 rodzice.<\/li>\r\n<li>Go\u015b\u0107 powinien zawiadomi\u0107 obs\u0142ug\u0119 o wyst\u0105pieniu szkody b\u0105d\u017a te\u017c o jej stwierdzeniu niezw\u0142ocznie po zameldowaniu i wej\u015bciu do apartamentu. W przeciwnym wypadku go\u015b\u0107 mo\u017ce by\u0107 zobowi\u0105zany do zap\u0142aty za zniszczenia.<\/li>\r\n<li>Ze wzgl\u0119d\u00f3w na bezpiecze\u0144stwo przeciwpo\u017carowe zabronione jest u\u017cywanie urz\u0105dze\u0144 elektrycznych np. \u017celazek, grza\u0142ek i innych nieb\u0119d\u0105cych na wyposa\u017ceniu apartament\u00f3w.<\/li>\r\n<li>Go\u015bcie zobowi\u0105zani s\u0105 do zamykania\u00a0 drzwi wej\u015bciowych po ka\u017cdym wej\u015bciu i\/lub wyj\u015bciu do\/z obiektu.<\/li>\r\n<li>Obiekt nie ponosi odpowiedzialno\u015bci za uszkodzenia pojazdu nale\u017c\u0105cego do Go\u015bcia, jak r\u00f3wnie\u017c za rzeczy warto\u015bciowe pozostawione w apartamentach. Do dyspozycji Go\u015bci jest parking niestrze\u017cony.<\/li>\r\n<li>Obiekt nie ponosi odpowiedzialno\u015bci za utrat\u0119 lub uszkodzenie rzeczy wniesionych przez Go\u015bcia w zakresie wyszczeg\u00f3lnionym przepisami Kodeksu Cywilnego w Art. 846 &#8211; 849 .\u00a0\u00a0<\/li>\r\n<li>Obiekt nie przyjmuje w depozyt rzeczy warto\u015bciowych, pieni\u0119dzy, papier\u00f3w warto\u015bciowych oraz innych kosztownych i warto\u015bciowych rzeczy. W przypadku ich utraty zniszczenia, obiekt nie ponosi odpowiedzialno\u015bci.<\/li>\r\n<li>Go\u015bcie zobowi\u0105zuj\u0105 si\u0119 wykorzystywa\u0107 obiekt jedynie do cel\u00f3w mieszkalnych \u2013 zabrania si\u0119 organizowania imprez w obiekcie.\u00a0<\/li>\r\n<li>W przypadku, gdy Go\u015b\u0107 w spos\u00f3b znacz\u0105cy narusza spok\u00f3j i\/lub dobra s\u0105siad\u00f3w oraz nie przestrzega powszechnie stosowanych norm wsp\u00f3\u0142\u017cycia mi\u0119dzy lud\u017ami, obiekt zastrzega sobie prawo do wypowiedzenia Go\u015bciowi pobytu i nie jest w\u00f3wczas zobowi\u0105zany do zwrotu pieni\u0119dzy za niewykorzystany okres.<\/li>\r\n<li>Obiekt zastrzega sobie prawo odmowy wynajmu apartament\u00f3w go\u015bciom powracaj\u0105cym, kt\u00f3rzy podczas poprzedniego pobytu ra\u017c\u0105co naruszyli regulamin pobytu.<\/li>\r\n<\/ol>\r\n<p style=\"text-align: center;\">Rezerwacja apartamentu oznacza zapoznanie si\u0119 i akceptacj\u0119 powy\u017cszego regulaminu. <br \/><br \/><strong>\u017byczymy mi\u0142ego wypoczynku i zapraszamy ponownie!<\/strong><\/p>\r\n<p><strong><em>\u00a0\u00a0\u00a0\u00a0\u00a0\u00a0\u00a0\u00a0\u00a0\u00a0\u00a0\u00a0\u00a0\u00a0\u00a0\u00a0\u00a0\u00a0\u00a0\u00a0\u00a0\u00a0\u00a0\u00a0\u00a0\u00a0\u00a0\u00a0\u00a0\u00a0\u00a0\u00a0\u00a0\u00a0\u00a0\u00a0\u00a0\u00a0\u00a0\u00a0\u00a0\u00a0\u00a0\u00a0\u00a0\u00a0\u00a0\u00a0\u00a0\u00a0\u00a0\u00a0\u00a0\u00a0\u00a0\u00a0\u00a0\u00a0\u00a0\u00a0\u00a0\u00a0\u00a0\u00a0\u00a0\u00a0\u00a0\u00a0\u00a0\u00a0\u00a0\u00a0\u00a0\u00a0\u00a0\u00a0\u00a0\u00a0\u00a0 <\/em><\/strong><\/p>\r\n<p><b><i>\u00a0\u00a0\u00a0\u00a0\u00a0\u00a0\u00a0\u00a0\u00a0\u00a0\u00a0\u00a0\u00a0\u00a0\u00a0\u00a0\u00a0\u00a0\u00a0\u00a0\u00a0\u00a0\u00a0\u00a0\u00a0\u00a0\u00a0\u00a0\u00a0\u00a0\u00a0\u00a0\u00a0\u00a0\u00a0\u00a0\u00a0\u00a0\u00a0\u00a0\u00a0\u00a0\u00a0\u00a0\u00a0\u00a0\u00a0\u00a0\u00a0<\/i><\/b><\/p>\r\n","protected":false},"excerpt":{"rendered":"<p>Apartamenty wynajmowane s\u0105 na doby, doba zaczyna si\u0119 o godz. 15.00 i ko\u0144czy o godz. 11.00 ostatniego dnia pobytu. Obiekt \u015bwiadczy us\u0142ugi zgodnie ze swoim standardem. Aktualne opisy poszczeg\u00f3lnych apartament\u00f3w oraz ich wyposa\u017cenia znajduj\u0105 si\u0119 na stronie internetowej obiektu https:\/\/hayduk.pl . Obiekt nie posiada recepcji , wszelkie formalno\u015bci za\u0142atwiane s\u0105 w biurze obiektu. Obiekt zapewnia [&hellip;]<\/p>\n","protected":false},"author":1,"featured_media":0,"parent":0,"menu_order":0,"comment_status":"closed","ping_status":"open","template":"","meta":{"footnotes":""},"class_list":["post-3217","page","type-page","status-publish","hentry"],"yoast_head":"<!-- This site is optimized with the Yoast SEO plugin v27.4 - https:\/\/yoast.com\/product\/yoast-seo-wordpress\/ -->\n<title>Terms of Stay - Hayduk<\/title>\n<meta name=\"robots\" content=\"index, follow, max-snippet:-1, max-image-preview:large, max-video-preview:-1\" \/>\n<link rel=\"canonical\" href=\"https:\/\/hayduk.pl\/en\/terms-of-stay\/\" \/>\n<meta property=\"og:locale\" content=\"en_US\" \/>\n<meta property=\"og:type\" content=\"article\" \/>\n<meta property=\"og:title\" content=\"Terms of Stay - Hayduk\" \/>\n<meta property=\"og:description\" content=\"Apartamenty wynajmowane s\u0105 na doby, doba zaczyna si\u0119 o godz. 15.00 i ko\u0144czy o godz. 11.00 ostatniego dnia pobytu. Obiekt \u015bwiadczy us\u0142ugi zgodnie ze swoim standardem. Aktualne opisy poszczeg\u00f3lnych apartament\u00f3w oraz ich wyposa\u017cenia znajduj\u0105 si\u0119 na stronie internetowej obiektu https:\/\/hayduk.pl . Obiekt nie posiada recepcji , wszelkie formalno\u015bci za\u0142atwiane s\u0105 w biurze obiektu. Obiekt zapewnia [&hellip;]\" \/>\n<meta property=\"og:url\" content=\"https:\/\/hayduk.pl\/en\/terms-of-stay\/\" \/>\n<meta property=\"og:site_name\" content=\"Hayduk\" \/>\n<meta property=\"article:modified_time\" content=\"2025-04-24T12:07:31+00:00\" \/>\n<meta name=\"twitter:card\" content=\"summary_large_image\" \/>\n<meta name=\"twitter:label1\" content=\"Est. reading time\" \/>\n\t<meta name=\"twitter:data1\" content=\"3 minutes\" \/>\n<script type=\"application\/ld+json\" class=\"yoast-schema-graph\">{\"@context\":\"https:\\\/\\\/schema.org\",\"@graph\":[{\"@type\":\"WebPage\",\"@id\":\"https:\\\/\\\/hayduk.pl\\\/en\\\/terms-of-stay\\\/\",\"url\":\"https:\\\/\\\/hayduk.pl\\\/en\\\/terms-of-stay\\\/\",\"name\":\"Terms of Stay - Hayduk\",\"isPartOf\":{\"@id\":\"https:\\\/\\\/hayduk.pl\\\/en\\\/#website\"},\"datePublished\":\"2021-10-30T10:16:58+00:00\",\"dateModified\":\"2025-04-24T12:07:31+00:00\",\"breadcrumb\":{\"@id\":\"https:\\\/\\\/hayduk.pl\\\/en\\\/terms-of-stay\\\/#breadcrumb\"},\"inLanguage\":\"en-US\",\"potentialAction\":[{\"@type\":\"ReadAction\",\"target\":[\"https:\\\/\\\/hayduk.pl\\\/en\\\/terms-of-stay\\\/\"]}]},{\"@type\":\"BreadcrumbList\",\"@id\":\"https:\\\/\\\/hayduk.pl\\\/en\\\/terms-of-stay\\\/#breadcrumb\",\"itemListElement\":[{\"@type\":\"ListItem\",\"position\":1,\"name\":\"Strona g\u0142\u00f3wna\",\"item\":\"https:\\\/\\\/hayduk.pl\\\/en\\\/home\\\/\"},{\"@type\":\"ListItem\",\"position\":2,\"name\":\"Terms of Stay\"}]},{\"@type\":\"WebSite\",\"@id\":\"https:\\\/\\\/hayduk.pl\\\/en\\\/#website\",\"url\":\"https:\\\/\\\/hayduk.pl\\\/en\\\/\",\"name\":\"Hayduk\",\"description\":\"Komfortowe apartamenty \u017bary\",\"potentialAction\":[{\"@type\":\"SearchAction\",\"target\":{\"@type\":\"EntryPoint\",\"urlTemplate\":\"https:\\\/\\\/hayduk.pl\\\/en\\\/?s={search_term_string}\"},\"query-input\":{\"@type\":\"PropertyValueSpecification\",\"valueRequired\":true,\"valueName\":\"search_term_string\"}}],\"inLanguage\":\"en-US\"}]}<\/script>\n<!-- \/ Yoast SEO plugin. -->","yoast_head_json":{"title":"Terms of Stay - Hayduk","robots":{"index":"index","follow":"follow","max-snippet":"max-snippet:-1","max-image-preview":"max-image-preview:large","max-video-preview":"max-video-preview:-1"},"canonical":"https:\/\/hayduk.pl\/en\/terms-of-stay\/","og_locale":"en_US","og_type":"article","og_title":"Terms of Stay - Hayduk","og_description":"Apartamenty wynajmowane s\u0105 na doby, doba zaczyna si\u0119 o godz. 15.00 i ko\u0144czy o godz. 11.00 ostatniego dnia pobytu. Obiekt \u015bwiadczy us\u0142ugi zgodnie ze swoim standardem. Aktualne opisy poszczeg\u00f3lnych apartament\u00f3w oraz ich wyposa\u017cenia znajduj\u0105 si\u0119 na stronie internetowej obiektu https:\/\/hayduk.pl . Obiekt nie posiada recepcji , wszelkie formalno\u015bci za\u0142atwiane s\u0105 w biurze obiektu. Obiekt zapewnia [&hellip;]","og_url":"https:\/\/hayduk.pl\/en\/terms-of-stay\/","og_site_name":"Hayduk","article_modified_time":"2025-04-24T12:07:31+00:00","twitter_card":"summary_large_image","twitter_misc":{"Est. reading time":"3 minutes"},"schema":{"@context":"https:\/\/schema.org","@graph":[{"@type":"WebPage","@id":"https:\/\/hayduk.pl\/en\/terms-of-stay\/","url":"https:\/\/hayduk.pl\/en\/terms-of-stay\/","name":"Terms of Stay - Hayduk","isPartOf":{"@id":"https:\/\/hayduk.pl\/en\/#website"},"datePublished":"2021-10-30T10:16:58+00:00","dateModified":"2025-04-24T12:07:31+00:00","breadcrumb":{"@id":"https:\/\/hayduk.pl\/en\/terms-of-stay\/#breadcrumb"},"inLanguage":"en-US","potentialAction":[{"@type":"ReadAction","target":["https:\/\/hayduk.pl\/en\/terms-of-stay\/"]}]},{"@type":"BreadcrumbList","@id":"https:\/\/hayduk.pl\/en\/terms-of-stay\/#breadcrumb","itemListElement":[{"@type":"ListItem","position":1,"name":"Strona g\u0142\u00f3wna","item":"https:\/\/hayduk.pl\/en\/home\/"},{"@type":"ListItem","position":2,"name":"Terms of Stay"}]},{"@type":"WebSite","@id":"https:\/\/hayduk.pl\/en\/#website","url":"https:\/\/hayduk.pl\/en\/","name":"Hayduk","description":"Komfortowe apartamenty \u017bary","potentialAction":[{"@type":"SearchAction","target":{"@type":"EntryPoint","urlTemplate":"https:\/\/hayduk.pl\/en\/?s={search_term_string}"},"query-input":{"@type":"PropertyValueSpecification","valueRequired":true,"valueName":"search_term_string"}}],"inLanguage":"en-US"}]}},"jetpack_sharing_enabled":true,"_links":{"self":[{"href":"https:\/\/hayduk.pl\/en\/wp-json\/wp\/v2\/pages\/3217","targetHints":{"allow":["GET"]}}],"collection":[{"href":"https:\/\/hayduk.pl\/en\/wp-json\/wp\/v2\/pages"}],"about":[{"href":"https:\/\/hayduk.pl\/en\/wp-json\/wp\/v2\/types\/page"}],"author":[{"embeddable":true,"href":"https:\/\/hayduk.pl\/en\/wp-json\/wp\/v2\/users\/1"}],"replies":[{"embeddable":true,"href":"https:\/\/hayduk.pl\/en\/wp-json\/wp\/v2\/comments?post=3217"}],"version-history":[{"count":2,"href":"https:\/\/hayduk.pl\/en\/wp-json\/wp\/v2\/pages\/3217\/revisions"}],"predecessor-version":[{"id":3572,"href":"https:\/\/hayduk.pl\/en\/wp-json\/wp\/v2\/pages\/3217\/revisions\/3572"}],"wp:attachment":[{"href":"https:\/\/hayduk.pl\/en\/wp-json\/wp\/v2\/media?parent=3217"}],"curies":[{"name":"wp","href":"https:\/\/api.w.org\/{rel}","templated":true}]}}