{"id":3126,"date":"2022-06-21T12:53:25","date_gmt":"2022-06-21T10:53:25","guid":{"rendered":"https:\/\/hayduk.pl\/price-list\/"},"modified":"2025-04-24T14:03:12","modified_gmt":"2025-04-24T12:03:12","slug":"price-list","status":"publish","type":"page","link":"https:\/\/hayduk.pl\/en\/price-list\/","title":{"rendered":"Price list"},"content":{"rendered":"<p><strong>Apartment 101<\/strong> price 280 z\u0142 per night for 3 people<\/p>\n<p><strong>Apartment 102<\/strong> price 250 z\u0142 per night for 2 people<\/p>\n<p><strong>Apartment 103<\/strong> price 250 z\u0142 per night for 2 people, 210 z\u0142 per night for 1 person<\/p>\n<p><strong>Apartment 104<\/strong> price 330 zloty per day for 4 people, 300 zloty per day for 3 people<\/p>\n<p><strong>Apartment 105<\/strong> price 250 z\u0142 per night for 2 people<\/p>\n<p><strong>Apartment 106<\/strong> price 250 z\u0142 per night for 2 people<\/p>\n<p><strong>Apartment 107<\/strong> price 250 z\u0142 per night for 2 people<\/p>\n<p><strong>Apartment 108<\/strong> price 250 z\u0142 per night for 2 people<\/p>\n<p><strong>Apartment 109<\/strong> price 220 z\u0142 per night for 2 people, 200 z\u0142 per night for 1 person<\/p>\n<p><strong>Apartment 110<\/strong> price 250 z\u0142 per night for 2 people, 210 z\u0142 per night for 1 person<\/p>\n<p><strong>Apartment 111<\/strong> price 250 z\u0142 per night for 2 people, 210 z\u0142 per night for 1 person<\/p>\n<p>children sleep on available beds<\/p>\n<p>extra bed for an adult +40 z\u0142 per day<\/p>\n<p>extra bed &#8211; baby crib + PLN 20 per day, the number of cribs is limited<\/p>\n<p>&nbsp;<\/p>\n<p>&nbsp;<\/p>\n<p>&nbsp;<\/p>\n","protected":false},"excerpt":{"rendered":"<p>Apartment 101 price 280 z\u0142 per night for 3 people Apartment 102 price 250 z\u0142 per night for 2 people Apartment 103 price 250 z\u0142 per night for 2 people, 210 z\u0142 per night for 1 person Apartment 104 price 330 zloty per day for 4 people, 300 zloty per day for 3 people Apartment [&hellip;]<\/p>\n","protected":false},"author":2,"featured_media":0,"parent":0,"menu_order":0,"comment_status":"closed","ping_status":"closed","template":"","meta":{"footnotes":""},"class_list":["post-3126","page","type-page","status-publish","hentry"],"yoast_head":"<!-- This site is optimized with the Yoast SEO plugin v27.4 - https:\/\/yoast.com\/product\/yoast-seo-wordpress\/ -->\n<title>Price list - Hayduk<\/title>\n<meta name=\"robots\" content=\"index, follow, max-snippet:-1, max-image-preview:large, max-video-preview:-1\" \/>\n<link rel=\"canonical\" href=\"https:\/\/hayduk.pl\/en\/price-list\/\" \/>\n<meta property=\"og:locale\" content=\"en_US\" \/>\n<meta property=\"og:type\" content=\"article\" \/>\n<meta property=\"og:title\" content=\"Price list - Hayduk\" \/>\n<meta property=\"og:description\" content=\"Apartment 101 price 280 z\u0142 per night for 3 people Apartment 102 price 250 z\u0142 per night for 2 people Apartment 103 price 250 z\u0142 per night for 2 people, 210 z\u0142 per night for 1 person Apartment 104 price 330 zloty per day for 4 people, 300 zloty per day for 3 people Apartment [&hellip;]\" \/>\n<meta property=\"og:url\" content=\"https:\/\/hayduk.pl\/en\/price-list\/\" \/>\n<meta property=\"og:site_name\" content=\"Hayduk\" \/>\n<meta property=\"article:modified_time\" content=\"2025-04-24T12:03:12+00:00\" \/>\n<meta name=\"twitter:card\" content=\"summary_large_image\" \/>\n<meta name=\"twitter:label1\" content=\"Est. reading time\" \/>\n\t<meta name=\"twitter:data1\" content=\"1 minute\" \/>\n<script type=\"application\/ld+json\" class=\"yoast-schema-graph\">{\"@context\":\"https:\\\/\\\/schema.org\",\"@graph\":[{\"@type\":\"WebPage\",\"@id\":\"https:\\\/\\\/hayduk.pl\\\/en\\\/price-list\\\/\",\"url\":\"https:\\\/\\\/hayduk.pl\\\/en\\\/price-list\\\/\",\"name\":\"Price list - Hayduk\",\"isPartOf\":{\"@id\":\"https:\\\/\\\/hayduk.pl\\\/en\\\/#website\"},\"datePublished\":\"2022-06-21T10:53:25+00:00\",\"dateModified\":\"2025-04-24T12:03:12+00:00\",\"breadcrumb\":{\"@id\":\"https:\\\/\\\/hayduk.pl\\\/en\\\/price-list\\\/#breadcrumb\"},\"inLanguage\":\"en-US\",\"potentialAction\":[{\"@type\":\"ReadAction\",\"target\":[\"https:\\\/\\\/hayduk.pl\\\/en\\\/price-list\\\/\"]}]},{\"@type\":\"BreadcrumbList\",\"@id\":\"https:\\\/\\\/hayduk.pl\\\/en\\\/price-list\\\/#breadcrumb\",\"itemListElement\":[{\"@type\":\"ListItem\",\"position\":1,\"name\":\"Strona g\u0142\u00f3wna\",\"item\":\"https:\\\/\\\/hayduk.pl\\\/en\\\/home\\\/\"},{\"@type\":\"ListItem\",\"position\":2,\"name\":\"Price list\"}]},{\"@type\":\"WebSite\",\"@id\":\"https:\\\/\\\/hayduk.pl\\\/en\\\/#website\",\"url\":\"https:\\\/\\\/hayduk.pl\\\/en\\\/\",\"name\":\"Hayduk\",\"description\":\"Komfortowe apartamenty \u017bary\",\"potentialAction\":[{\"@type\":\"SearchAction\",\"target\":{\"@type\":\"EntryPoint\",\"urlTemplate\":\"https:\\\/\\\/hayduk.pl\\\/en\\\/?s={search_term_string}\"},\"query-input\":{\"@type\":\"PropertyValueSpecification\",\"valueRequired\":true,\"valueName\":\"search_term_string\"}}],\"inLanguage\":\"en-US\"}]}<\/script>\n<!-- \/ Yoast SEO plugin. -->","yoast_head_json":{"title":"Price list - Hayduk","robots":{"index":"index","follow":"follow","max-snippet":"max-snippet:-1","max-image-preview":"max-image-preview:large","max-video-preview":"max-video-preview:-1"},"canonical":"https:\/\/hayduk.pl\/en\/price-list\/","og_locale":"en_US","og_type":"article","og_title":"Price list - Hayduk","og_description":"Apartment 101 price 280 z\u0142 per night for 3 people Apartment 102 price 250 z\u0142 per night for 2 people Apartment 103 price 250 z\u0142 per night for 2 people, 210 z\u0142 per night for 1 person Apartment 104 price 330 zloty per day for 4 people, 300 zloty per day for 3 people Apartment [&hellip;]","og_url":"https:\/\/hayduk.pl\/en\/price-list\/","og_site_name":"Hayduk","article_modified_time":"2025-04-24T12:03:12+00:00","twitter_card":"summary_large_image","twitter_misc":{"Est. reading time":"1 minute"},"schema":{"@context":"https:\/\/schema.org","@graph":[{"@type":"WebPage","@id":"https:\/\/hayduk.pl\/en\/price-list\/","url":"https:\/\/hayduk.pl\/en\/price-list\/","name":"Price list - Hayduk","isPartOf":{"@id":"https:\/\/hayduk.pl\/en\/#website"},"datePublished":"2022-06-21T10:53:25+00:00","dateModified":"2025-04-24T12:03:12+00:00","breadcrumb":{"@id":"https:\/\/hayduk.pl\/en\/price-list\/#breadcrumb"},"inLanguage":"en-US","potentialAction":[{"@type":"ReadAction","target":["https:\/\/hayduk.pl\/en\/price-list\/"]}]},{"@type":"BreadcrumbList","@id":"https:\/\/hayduk.pl\/en\/price-list\/#breadcrumb","itemListElement":[{"@type":"ListItem","position":1,"name":"Strona g\u0142\u00f3wna","item":"https:\/\/hayduk.pl\/en\/home\/"},{"@type":"ListItem","position":2,"name":"Price list"}]},{"@type":"WebSite","@id":"https:\/\/hayduk.pl\/en\/#website","url":"https:\/\/hayduk.pl\/en\/","name":"Hayduk","description":"Komfortowe apartamenty \u017bary","potentialAction":[{"@type":"SearchAction","target":{"@type":"EntryPoint","urlTemplate":"https:\/\/hayduk.pl\/en\/?s={search_term_string}"},"query-input":{"@type":"PropertyValueSpecification","valueRequired":true,"valueName":"search_term_string"}}],"inLanguage":"en-US"}]}},"jetpack_sharing_enabled":true,"_links":{"self":[{"href":"https:\/\/hayduk.pl\/en\/wp-json\/wp\/v2\/pages\/3126","targetHints":{"allow":["GET"]}}],"collection":[{"href":"https:\/\/hayduk.pl\/en\/wp-json\/wp\/v2\/pages"}],"about":[{"href":"https:\/\/hayduk.pl\/en\/wp-json\/wp\/v2\/types\/page"}],"author":[{"embeddable":true,"href":"https:\/\/hayduk.pl\/en\/wp-json\/wp\/v2\/users\/2"}],"replies":[{"embeddable":true,"href":"https:\/\/hayduk.pl\/en\/wp-json\/wp\/v2\/comments?post=3126"}],"version-history":[{"count":2,"href":"https:\/\/hayduk.pl\/en\/wp-json\/wp\/v2\/pages\/3126\/revisions"}],"predecessor-version":[{"id":3433,"href":"https:\/\/hayduk.pl\/en\/wp-json\/wp\/v2\/pages\/3126\/revisions\/3433"}],"wp:attachment":[{"href":"https:\/\/hayduk.pl\/en\/wp-json\/wp\/v2\/media?parent=3126"}],"curies":[{"name":"wp","href":"https:\/\/api.w.org\/{rel}","templated":true}]}}