{"id":3249,"date":"2017-08-23T14:52:34","date_gmt":"2017-08-23T12:52:34","guid":{"rendered":"https:\/\/hayduk.pl\/in-der-gegend\/"},"modified":"2022-07-03T15:02:07","modified_gmt":"2022-07-03T13:02:07","slug":"in-der-gegend","status":"publish","type":"page","link":"https:\/\/hayduk.pl\/de\/in-der-gegend\/","title":{"rendered":"In der Gegend"},"content":{"rendered":"<p>[vc_row full_width=&#8220;stretch_row_content_no_spaces&#8220; css=&#8220;.vc_custom_1653292180050{background-image: url(https:\/\/hayduk.pl\/wp-content\/uploads\/2022\/05\/pasaz_hayduk.jpg?id=1612) !important;background-position: center !important;background-repeat: no-repeat !important;background-size: cover !important;}&#8220; el_class=&#8220;nd_options_overflow_visible_important&#8220;][vc_column][vc_row_inner css=&#8220;.vc_custom_1486118361106{padding-top: 100px !important;padding-bottom: 100px !important;}&#8220; el_class=&#8220;nd_options_bg_greydark_alpha_gradient_3&#8243;][vc_column_inner width=&#8220;1\/3&#8243;][\/vc_column_inner][vc_column_inner width=&#8220;1\/3&#8243; css=&#8220;.vc_custom_1486118458781{padding: 20px !important;}&#8220;] <h1 style=\"color:#ffffff;padding:px;text-align:center;font-size:55px;line-height:55px;letter-spacing: px;font-weight:normal\" class=\"  nd_options_font_size_40_important_all_iphone nd_options_line_height_40_important_all_iphone nd_options_first_font \">In der gegend<\/h1> <div style=\"background-color:;height: 20px\" class=\"nicdark_section  \"><\/div> <p style=\"color:#ffffff;padding:px;text-align:center;font-size:px;line-height:px;letter-spacing: 2px;font-weight:lighter\" class=\"   nd_options_second_font \">Sehen Sie, was in der Gegend ist<\/p> <div style=\"background-color:;height: 40px\" class=\"nicdark_section  \"><\/div>\n\n    <!--start post search-->\n\t<div id=\"nd_options_autocomplete_search_container\" class=\"nd_options_section nd_options_position_relative nd_options_z_index_98  \">\n\t\t<form method=\"get\" action=\"https:\/\/hayduk.pl\/de\/\">\n\t\t    \n\t\t    <input id=\"nd_options_autocomplete_search\" autocomplete=\"off\" value=\"\" name=\"s\" class=\"nd_options_width_100_percentage\" type=\"text\" placeholder=\"Suche ...\">\n\t\t    <input type=\"hidden\" id=\"nd_options_autocomplete_search_category_slug\" name=\"category_name\" value=\"w-okolicy\">\n\t\t    <input class=\"nd_options_cursor_pointer nd_options_position_absolute nd_options_border_width_0 nd_options_right_0 nd_options_top_0\" type=\"submit\" id=\"nd_options_autocomplete_search_button\" value=\"\">\n\t\t    \n\t\t    <!--results-->\n\t\t    <div id=\"nd_options_autocomplete_search_result\" class=\"nd_options_top_45 nd_options_margin_top_20 nd_options_box_sizing_border_box nd_options_position_absolute nd_options_bg_white nd_options_width_100_percentage\"><\/div>\n\n\t\t<\/form>\n\t<\/div>\n    <!--end post search-->\n\n[\/vc_column_inner][vc_column_inner width=&#8220;1\/3&#8243;][\/vc_column_inner][\/vc_row_inner][\/vc_column][\/vc_row][vc_row css=&#8220;.vc_custom_1503500566808{margin-top: 50px !important;margin-bottom: 50px !important;}&#8220;][vc_column css=&#8220;.vc_custom_1486118015473{padding-right: 0px !important;padding-left: 0px !important;}&#8220;]<!--START MASONRY--><div class=\"nd_options_section nd_options_masonry_content  \">\n\n\n\t    <div class=\" nd_options_width_33_percentage nd_options_float_left nd_options_padding_15 nd_options_box_sizing_border_box nd_options_masonry_item nd_options_width_100_percentage_responsive\">\n\t\t    <div class=\"nd_options_section nd_options_border_1_solid_grey nd_options_bg_white\">\n\n\t\t        <div class=\"nd_options_section nd_options_position_relative\">\n\t\t            \n\t\t            \n\n\n\t\t  \t<div class=\"nd_options_section nd_options_position_relative\">\n\t\t        <a href=\"https:\/\/hayduk.pl\/de\/gruener-wald\/\"><img decoding=\"async\" alt=\"\" class=\"nd_options_section\" src=\"https:\/\/hayduk.pl\/wp-content\/uploads\/2022\/04\/sciezka-edukacyjna-Zielony-Las-puzzle.jpg\"><\/a>\n\t\t    <\/div>\n\n\t\t  \t\n\n\t\t        <\/div>\n\n\t\t        <div class=\"nd_options_section nd_options_padding_30 nd_options_box_sizing_border_box\">\n\t\t            <h5 class=\"nd_options_margin_0_important nd_options_padding_0 nd_options_second_font nd_options_color_greydark nd_options_font_size_12 nd_options_text_transform_uppercase nd_options_letter_spacing_3 nd_options_font_weight_lighter\">In der Gegend <\/h5>\n\n\t\t            <div class=\"nd_options_section nd_options_height_15\"><\/div>\n\t \t\t\t\t<div class=\"nd_options_section nd_options_line_height_0\"><span class=\"nd_options_display_inline_block nd_options_float_left nd_options_bg_greydark nd_options_width_30 nd_options_height_1\"><\/span><\/div>\n\t \t\t\t\t<div class=\"nd_options_section nd_options_height_15\"><\/div>\n\n\t\t            <h2 class=\"nd_options_margin_0_important nd_options_padding_0 \">Gr\u00fcner Wald<\/h2>\n\t\t            <div class=\"nd_options_section nd_options_height_20\"><\/div>\n\t\t            <p class=\"nd_options_margin_0_important nd_options_padding_0\">[vc_row css=&#8220;.vc_custom_1492008828909{margin-top: 40px !important;}&#8220;][vc_column][vc_column_text]Der Wald ist 4 km von unserer Anlage entfernt. Am Anfang des Haupteingangs in Zielona Las befindet sich der Sport- und Erholungskomplex \u0179r\u00f3dlana. \u201eDer Gr\u00fcne Wald ist ein wundersch\u00f6ner Ort. Sie m\u00fcssen kein Naturforscher oder Geologe sein, um das herauszufinden. Diese Sch\u00f6nheit und Einzigartigkeit wurde bereits von vielen Anwohnern gesch\u00e4tzt, f\u00fcr die [&hellip;]<\/p>\n\t\t            <div class=\"nd_options_section nd_options_height_20\"><\/div>\n\t\t            <a style=\"border: 2px solid #000;color:#000\" class=\"nd_options_display_inline_block nd_options_line_height_11 nd_options_text_align_center nd_options_box_sizing_border_box nd_options_font_size_11 nd_options_font_weight_bold nd_options_second_font nd_options_padding_15_30  \" href=\"https:\/\/hayduk.pl\/de\/gruener-wald\/\">WEITERLESEN<\/a>\n\n\t\t        <\/div>\n\n\t\t    <\/div>\n\t\t<\/div>\n\n\n\t  \n\n\n\t    <div class=\" nd_options_width_33_percentage nd_options_float_left nd_options_padding_15 nd_options_box_sizing_border_box nd_options_masonry_item nd_options_width_100_percentage_responsive\">\n\t\t    <div class=\"nd_options_section nd_options_border_1_solid_grey nd_options_bg_white\">\n\n\t\t        <div class=\"nd_options_section nd_options_position_relative\">\n\t\t            \n\t\t            \n\n\n\t\t  \t<div class=\"nd_options_section nd_options_position_relative\">\n\t\t        <a href=\"https:\/\/hayduk.pl\/de\/schloss-und-schlossanlage-mit-schlosspark\/\"><img decoding=\"async\" alt=\"\" class=\"nd_options_section\" src=\"https:\/\/hayduk.pl\/wp-content\/uploads\/2022\/04\/DJI_0733a-1024x768.jpg\"><\/a>\n\t\t    <\/div>\n\n\t\t  \t\n\n\t\t        <\/div>\n\n\t\t        <div class=\"nd_options_section nd_options_padding_30 nd_options_box_sizing_border_box\">\n\t\t            <h5 class=\"nd_options_margin_0_important nd_options_padding_0 nd_options_second_font nd_options_color_greydark nd_options_font_size_12 nd_options_text_transform_uppercase nd_options_letter_spacing_3 nd_options_font_weight_lighter\">In der Gegend <\/h5>\n\n\t\t            <div class=\"nd_options_section nd_options_height_15\"><\/div>\n\t \t\t\t\t<div class=\"nd_options_section nd_options_line_height_0\"><span class=\"nd_options_display_inline_block nd_options_float_left nd_options_bg_greydark nd_options_width_30 nd_options_height_1\"><\/span><\/div>\n\t \t\t\t\t<div class=\"nd_options_section nd_options_height_15\"><\/div>\n\n\t\t            <h2 class=\"nd_options_margin_0_important nd_options_padding_0 \">Schloss- und Schlossanlage mit Schlosspark<\/h2>\n\t\t            <div class=\"nd_options_section nd_options_height_20\"><\/div>\n\t\t            <p class=\"nd_options_margin_0_important nd_options_padding_0\">[vc_row css=&#8220;.vc_custom_1492008828909{margin-top: 40px !important;}&#8220;][vc_column][vc_column_text]Ein wundersch\u00f6n restaurierter Park neben dem Palast und dem Schloss- und Palastkomplex in Al. Das Jana Paw\u0142a II liegt weniger als 800 m vom Pasa\u017c Hayduk entfernt. Ein idealer Ort, um durch die Gassen zu spazieren und sich auf einer Bank am Teich auszuruhen. Wenn Sie sich f\u00fcr die Geschichte des Parks [&hellip;]<\/p>\n\t\t            <div class=\"nd_options_section nd_options_height_20\"><\/div>\n\t\t            <a style=\"border: 2px solid #000;color:#000\" class=\"nd_options_display_inline_block nd_options_line_height_11 nd_options_text_align_center nd_options_box_sizing_border_box nd_options_font_size_11 nd_options_font_weight_bold nd_options_second_font nd_options_padding_15_30  \" href=\"https:\/\/hayduk.pl\/de\/schloss-und-schlossanlage-mit-schlosspark\/\">WEITERLESEN<\/a>\n\n\t\t        <\/div>\n\n\t\t    <\/div>\n\t\t<\/div>\n\n\n\t  \n\n\n\t    <div class=\" nd_options_width_33_percentage nd_options_float_left nd_options_padding_15 nd_options_box_sizing_border_box nd_options_masonry_item nd_options_width_100_percentage_responsive\">\n\t\t    <div class=\"nd_options_section nd_options_border_1_solid_grey nd_options_bg_white\">\n\n\t\t        <div class=\"nd_options_section nd_options_position_relative\">\n\t\t            \n\t\t            \n\n\n\t\t  \t<div class=\"nd_options_section nd_options_position_relative\">\n\t\t        <a href=\"https:\/\/hayduk.pl\/de\/schwimmbecken\/\"><img decoding=\"async\" alt=\"\" class=\"nd_options_section\" src=\"https:\/\/hayduk.pl\/wp-content\/uploads\/2022\/04\/basen-Zrodlana-4-1024x768.jpg\"><\/a>\n\t\t    <\/div>\n\n\t\t  \t\n\n\t\t        <\/div>\n\n\t\t        <div class=\"nd_options_section nd_options_padding_30 nd_options_box_sizing_border_box\">\n\t\t            <h5 class=\"nd_options_margin_0_important nd_options_padding_0 nd_options_second_font nd_options_color_greydark nd_options_font_size_12 nd_options_text_transform_uppercase nd_options_letter_spacing_3 nd_options_font_weight_lighter\">In der Gegend <\/h5>\n\n\t\t            <div class=\"nd_options_section nd_options_height_15\"><\/div>\n\t \t\t\t\t<div class=\"nd_options_section nd_options_line_height_0\"><span class=\"nd_options_display_inline_block nd_options_float_left nd_options_bg_greydark nd_options_width_30 nd_options_height_1\"><\/span><\/div>\n\t \t\t\t\t<div class=\"nd_options_section nd_options_height_15\"><\/div>\n\n\t\t            <h2 class=\"nd_options_margin_0_important nd_options_padding_0 \">Schwimmbecken<\/h2>\n\t\t            <div class=\"nd_options_section nd_options_height_20\"><\/div>\n\t\t            <p class=\"nd_options_margin_0_important nd_options_padding_0\">[vc_row css=&#8220;.vc_custom_1492008828909{margin-top: 40px !important;}&#8220;][vc_column][vc_column_text]Das Wodnik-Schwimmbad befindet sich ca. 1 km, nur 12 Minuten zu Fu\u00df, wo es ein Schwimm- und Freizeitbad, ein Planschbecken f\u00fcr Kinder, eine Rutsche, eine Sauna, eine Salzgrotte, einen Whirlpool und einen Fitnessraum gibt. Grundlegende Informationen finden Sie hier: http:\/\/www.mosriw.zary.pl\/PL\/623\/Plywalnia_Wodnik\/[\/vc_column_text][\/vc_column][\/vc_row][vc_row css=&#8220;.vc_custom_1492008848756{margin-top: 20px !important;}&#8220;][vc_column width=&#8220;1\/2&#8243;][\/vc_column][vc_column width=&#8220;1\/2&#8243;][\/vc_column][\/vc_row][vc_row][vc_column][\/vc_column][\/vc_row][vc_row][vc_column][vc_gmaps link=&#8220;#E-8_JTNDaWZyYW1lJTIwc3JjJTNEJTIyaHR0cHMlM0ElMkYlMkZ3d3cuZ29vZ2xlLmNvbSUyRm1hcHMlMkZlbWJlZCUzRnBiJTNEJTIxMW0xNCUyMTFtOCUyMTFtMyUyMTFkOTkwMy43ODcwNjExOTAwNiUyMTJkMTUuMTIxMzg4OCUyMTNkNTEuNjQyNSUyMTNtMiUyMTFpMTAyNCUyMTJpNzY4JTIxNGYxMy4xJTIxM20zJTIxMW0yJTIxMXMweDAlMjUzQTB4NjU2MTlkZWYyODcwYjcyJTIxMnNCYXNlbiUyNTIwV29kbmlrJTIxNWUwJTIxM20yJTIxMXNwbCUyMTJzcGwlMjE0djE2NTEwNzE3Mjg1MDMlMjE1bTIlMjExc3BsJTIxMnNwbCUyMiUyMHdpZHRoJTNEJTIyNjAwJTIyJTIwaGVpZ2h0JTNEJTIyNDUwJTIyJTIwZnJhbWVib3JkZXIlM0QlMjIwJTIyJTIwc3R5bGUlM0QlMjJib3JkZXIlM0EwJTIyJTIwYWxsb3dmdWxsc2NyZWVuJTNEJTIyJTIyJTNFJTNDJTJGaWZyYW1lJTNF&#8220;][\/vc_column][\/vc_row][vc_row css=&#8220;.vc_custom_1467643035435{margin-top: 40px !important;}&#8220;][vc_column][vc_column_text]Der Sport- und Erholungskomplex [&hellip;]<\/p>\n\t\t            <div class=\"nd_options_section nd_options_height_20\"><\/div>\n\t\t            <a style=\"border: 2px solid #000;color:#000\" class=\"nd_options_display_inline_block nd_options_line_height_11 nd_options_text_align_center nd_options_box_sizing_border_box nd_options_font_size_11 nd_options_font_weight_bold nd_options_second_font nd_options_padding_15_30  \" href=\"https:\/\/hayduk.pl\/de\/schwimmbecken\/\">WEITERLESEN<\/a>\n\n\t\t        <\/div>\n\n\t\t    <\/div>\n\t\t<\/div>\n\n\n\t  <\/div><!--CLOSE MASONRY-->[\/vc_column][\/vc_row]<\/p>\n","protected":false},"excerpt":{"rendered":"<p>[vc_row full_width=&#8220;stretch_row_content_no_spaces&#8220; css=&#8220;.vc_custom_1653292180050{background-image: url(https:\/\/hayduk.pl\/wp-content\/uploads\/2022\/05\/pasaz_hayduk.jpg?id=1612) !important;background-position: center !important;background-repeat: no-repeat !important;background-size: cover !important;}&#8220; el_class=&#8220;nd_options_overflow_visible_important&#8220;][vc_column][vc_row_inner css=&#8220;.vc_custom_1486118361106{padding-top: 100px !important;padding-bottom: 100px !important;}&#8220; el_class=&#8220;nd_options_bg_greydark_alpha_gradient_3&#8243;][vc_column_inner width=&#8220;1\/3&#8243;][\/vc_column_inner][vc_column_inner width=&#8220;1\/3&#8243; css=&#8220;.vc_custom_1486118458781{padding: 20px !important;}&#8220;][\/vc_column_inner][vc_column_inner width=&#8220;1\/3&#8243;][\/vc_column_inner][\/vc_row_inner][\/vc_column][\/vc_row][vc_row css=&#8220;.vc_custom_1503500566808{margin-top: 50px !important;margin-bottom: 50px !important;}&#8220;][vc_column css=&#8220;.vc_custom_1486118015473{padding-right: 0px !important;padding-left: 0px !important;}&#8220;][\/vc_column][\/vc_row]<\/p>\n","protected":false},"author":1,"featured_media":0,"parent":0,"menu_order":0,"comment_status":"closed","ping_status":"closed","template":"","meta":{"footnotes":""},"class_list":["post-3249","page","type-page","status-publish","hentry"],"yoast_head":"<!-- This site is optimized with the Yoast SEO plugin v27.4 - https:\/\/yoast.com\/product\/yoast-seo-wordpress\/ -->\n<title>In der Gegend - Hayduk<\/title>\n<meta name=\"robots\" content=\"index, follow, max-snippet:-1, max-image-preview:large, max-video-preview:-1\" \/>\n<link rel=\"canonical\" href=\"https:\/\/hayduk.pl\/de\/in-der-gegend\/\" \/>\n<meta property=\"og:locale\" content=\"de_DE\" \/>\n<meta property=\"og:type\" content=\"article\" \/>\n<meta property=\"og:title\" content=\"In der Gegend - Hayduk\" \/>\n<meta property=\"og:description\" content=\"[vc_row full_width=&#8220;stretch_row_content_no_spaces&#8220; css=&#8220;.vc_custom_1653292180050{background-image: url(https:\/\/hayduk.pl\/wp-content\/uploads\/2022\/05\/pasaz_hayduk.jpg?id=1612) !important;background-position: center !important;background-repeat: no-repeat !important;background-size: cover !important;}&#8220; el_class=&#8220;nd_options_overflow_visible_important&#8220;][vc_column][vc_row_inner css=&#8220;.vc_custom_1486118361106{padding-top: 100px !important;padding-bottom: 100px !important;}&#8220; el_class=&#8220;nd_options_bg_greydark_alpha_gradient_3&#8243;][vc_column_inner width=&#8220;1\/3&#8243;][\/vc_column_inner][vc_column_inner width=&#8220;1\/3&#8243; css=&#8220;.vc_custom_1486118458781{padding: 20px !important;}&#8220;][\/vc_column_inner][vc_column_inner width=&#8220;1\/3&#8243;][\/vc_column_inner][\/vc_row_inner][\/vc_column][\/vc_row][vc_row css=&#8220;.vc_custom_1503500566808{margin-top: 50px !important;margin-bottom: 50px !important;}&#8220;][vc_column css=&#8220;.vc_custom_1486118015473{padding-right: 0px !important;padding-left: 0px !important;}&#8220;][\/vc_column][\/vc_row]\" \/>\n<meta property=\"og:url\" content=\"https:\/\/hayduk.pl\/de\/in-der-gegend\/\" \/>\n<meta property=\"og:site_name\" content=\"Hayduk\" \/>\n<meta property=\"article:modified_time\" content=\"2022-07-03T13:02:07+00:00\" \/>\n<meta name=\"twitter:card\" content=\"summary_large_image\" \/>\n<meta name=\"twitter:label1\" content=\"Gesch\u00e4tzte Lesezeit\" \/>\n\t<meta name=\"twitter:data1\" content=\"1\u00a0Minute\" \/>\n<script type=\"application\/ld+json\" class=\"yoast-schema-graph\">{\"@context\":\"https:\\\/\\\/schema.org\",\"@graph\":[{\"@type\":\"WebPage\",\"@id\":\"https:\\\/\\\/hayduk.pl\\\/de\\\/in-der-gegend\\\/\",\"url\":\"https:\\\/\\\/hayduk.pl\\\/de\\\/in-der-gegend\\\/\",\"name\":\"In der Gegend - Hayduk\",\"isPartOf\":{\"@id\":\"https:\\\/\\\/hayduk.pl\\\/de\\\/#website\"},\"datePublished\":\"2017-08-23T12:52:34+00:00\",\"dateModified\":\"2022-07-03T13:02:07+00:00\",\"breadcrumb\":{\"@id\":\"https:\\\/\\\/hayduk.pl\\\/de\\\/in-der-gegend\\\/#breadcrumb\"},\"inLanguage\":\"de\",\"potentialAction\":[{\"@type\":\"ReadAction\",\"target\":[\"https:\\\/\\\/hayduk.pl\\\/de\\\/in-der-gegend\\\/\"]}]},{\"@type\":\"BreadcrumbList\",\"@id\":\"https:\\\/\\\/hayduk.pl\\\/de\\\/in-der-gegend\\\/#breadcrumb\",\"itemListElement\":[{\"@type\":\"ListItem\",\"position\":1,\"name\":\"Strona g\u0142\u00f3wna\",\"item\":\"https:\\\/\\\/hayduk.pl\\\/de\\\/heim\\\/\"},{\"@type\":\"ListItem\",\"position\":2,\"name\":\"In der Gegend\"}]},{\"@type\":\"WebSite\",\"@id\":\"https:\\\/\\\/hayduk.pl\\\/de\\\/#website\",\"url\":\"https:\\\/\\\/hayduk.pl\\\/de\\\/\",\"name\":\"Hayduk\",\"description\":\"Komfortowe apartamenty \u017bary\",\"potentialAction\":[{\"@type\":\"SearchAction\",\"target\":{\"@type\":\"EntryPoint\",\"urlTemplate\":\"https:\\\/\\\/hayduk.pl\\\/de\\\/?s={search_term_string}\"},\"query-input\":{\"@type\":\"PropertyValueSpecification\",\"valueRequired\":true,\"valueName\":\"search_term_string\"}}],\"inLanguage\":\"de\"}]}<\/script>\n<!-- \/ Yoast SEO plugin. -->","yoast_head_json":{"title":"In der Gegend - Hayduk","robots":{"index":"index","follow":"follow","max-snippet":"max-snippet:-1","max-image-preview":"max-image-preview:large","max-video-preview":"max-video-preview:-1"},"canonical":"https:\/\/hayduk.pl\/de\/in-der-gegend\/","og_locale":"de_DE","og_type":"article","og_title":"In der Gegend - Hayduk","og_description":"[vc_row full_width=&#8220;stretch_row_content_no_spaces&#8220; css=&#8220;.vc_custom_1653292180050{background-image: url(https:\/\/hayduk.pl\/wp-content\/uploads\/2022\/05\/pasaz_hayduk.jpg?id=1612) !important;background-position: center !important;background-repeat: no-repeat !important;background-size: cover !important;}&#8220; el_class=&#8220;nd_options_overflow_visible_important&#8220;][vc_column][vc_row_inner css=&#8220;.vc_custom_1486118361106{padding-top: 100px !important;padding-bottom: 100px !important;}&#8220; el_class=&#8220;nd_options_bg_greydark_alpha_gradient_3&#8243;][vc_column_inner width=&#8220;1\/3&#8243;][\/vc_column_inner][vc_column_inner width=&#8220;1\/3&#8243; css=&#8220;.vc_custom_1486118458781{padding: 20px !important;}&#8220;][\/vc_column_inner][vc_column_inner width=&#8220;1\/3&#8243;][\/vc_column_inner][\/vc_row_inner][\/vc_column][\/vc_row][vc_row css=&#8220;.vc_custom_1503500566808{margin-top: 50px !important;margin-bottom: 50px !important;}&#8220;][vc_column css=&#8220;.vc_custom_1486118015473{padding-right: 0px !important;padding-left: 0px !important;}&#8220;][\/vc_column][\/vc_row]","og_url":"https:\/\/hayduk.pl\/de\/in-der-gegend\/","og_site_name":"Hayduk","article_modified_time":"2022-07-03T13:02:07+00:00","twitter_card":"summary_large_image","twitter_misc":{"Gesch\u00e4tzte Lesezeit":"1\u00a0Minute"},"schema":{"@context":"https:\/\/schema.org","@graph":[{"@type":"WebPage","@id":"https:\/\/hayduk.pl\/de\/in-der-gegend\/","url":"https:\/\/hayduk.pl\/de\/in-der-gegend\/","name":"In der Gegend - Hayduk","isPartOf":{"@id":"https:\/\/hayduk.pl\/de\/#website"},"datePublished":"2017-08-23T12:52:34+00:00","dateModified":"2022-07-03T13:02:07+00:00","breadcrumb":{"@id":"https:\/\/hayduk.pl\/de\/in-der-gegend\/#breadcrumb"},"inLanguage":"de","potentialAction":[{"@type":"ReadAction","target":["https:\/\/hayduk.pl\/de\/in-der-gegend\/"]}]},{"@type":"BreadcrumbList","@id":"https:\/\/hayduk.pl\/de\/in-der-gegend\/#breadcrumb","itemListElement":[{"@type":"ListItem","position":1,"name":"Strona g\u0142\u00f3wna","item":"https:\/\/hayduk.pl\/de\/heim\/"},{"@type":"ListItem","position":2,"name":"In der Gegend"}]},{"@type":"WebSite","@id":"https:\/\/hayduk.pl\/de\/#website","url":"https:\/\/hayduk.pl\/de\/","name":"Hayduk","description":"Komfortowe apartamenty \u017bary","potentialAction":[{"@type":"SearchAction","target":{"@type":"EntryPoint","urlTemplate":"https:\/\/hayduk.pl\/de\/?s={search_term_string}"},"query-input":{"@type":"PropertyValueSpecification","valueRequired":true,"valueName":"search_term_string"}}],"inLanguage":"de"}]}},"jetpack_sharing_enabled":true,"_links":{"self":[{"href":"https:\/\/hayduk.pl\/de\/wp-json\/wp\/v2\/pages\/3249","targetHints":{"allow":["GET"]}}],"collection":[{"href":"https:\/\/hayduk.pl\/de\/wp-json\/wp\/v2\/pages"}],"about":[{"href":"https:\/\/hayduk.pl\/de\/wp-json\/wp\/v2\/types\/page"}],"author":[{"embeddable":true,"href":"https:\/\/hayduk.pl\/de\/wp-json\/wp\/v2\/users\/1"}],"replies":[{"embeddable":true,"href":"https:\/\/hayduk.pl\/de\/wp-json\/wp\/v2\/comments?post=3249"}],"version-history":[{"count":2,"href":"https:\/\/hayduk.pl\/de\/wp-json\/wp\/v2\/pages\/3249\/revisions"}],"predecessor-version":[{"id":3260,"href":"https:\/\/hayduk.pl\/de\/wp-json\/wp\/v2\/pages\/3249\/revisions\/3260"}],"wp:attachment":[{"href":"https:\/\/hayduk.pl\/de\/wp-json\/wp\/v2\/media?parent=3249"}],"curies":[{"name":"wp","href":"https:\/\/api.w.org\/{rel}","templated":true}]}}