{"id":3222,"date":"2017-07-19T08:57:14","date_gmt":"2017-07-19T06:57:14","guid":{"rendered":"https:\/\/hayduk.pl\/hayduk-passage\/"},"modified":"2022-07-03T15:16:20","modified_gmt":"2022-07-03T13:16:20","slug":"hayduk-passage","status":"publish","type":"page","link":"https:\/\/hayduk.pl\/de\/hayduk-passage\/","title":{"rendered":"Hayduk-Passage"},"content":{"rendered":"<p>[vc_row][vc_column width=&#8220;3\/12&#8243; css=&#8220;.vc_custom_1467207292391{margin-top: 10px !important;margin-bottom: 10px !important;padding-top: 0px !important;}&#8220;]<div style=\"background-color:;height: 20px\" class=\"nicdark_section  \"><\/div>[vc_column_text el_class=&#8220;nd_options_text_align_center_responsive&#8220;]<strong>Die wichtigsten Gesch\u00e4ftsprofile von Hayduk<\/strong>:<\/p>\n<ul>\n<li>Vermietung von Wohnungen,<\/li>\n<li>Vermietung von Fl\u00e4chen f\u00fcr Einzelhandels- und Dienstleistungsaktivit\u00e4ten in der Hayduk-Passage,<\/li>\n<li>Informations- und Werbet\u00e4tigkeiten unter dem Namen des Verlags &#8222;Moja Gazeta&#8220;.<\/li>\n<\/ul>\n<p>[\/vc_column_text]<div style=\"background-color:;height: 20px\" class=\"nicdark_section  \"><\/div>[vc_column_text el_class=&#8220;nd_options_text_align_center_responsive&#8220;]<strong>Moja Gazeta<\/strong> ist das regionale Nachrichtenportal <a href=\"https:\/\/moja24.pl\/\">moja24.pl<\/a> mit aktuellen<br \/>\nNachrichten und Ereignisse aus dem Bezirk \u017bary. Wenn Sie an den neuesten Nachrichten aus \u017bary und Umgebung interessiert sind, klicken Sie hier \u2192 <a href=\"https:\/\/moja24.pl\/\">moja24.pl<\/a>[\/vc_column_text][\/vc_column][vc_column width=&#8220;3\/12&#8243; css=&#8220;.vc_custom_1467207298589{margin-top: 10px !important;margin-bottom: 10px !important;padding-top: 0px !important;}&#8220;]<div style=\"background-color:;height: 20px\" class=\"nicdark_section  \"><\/div>[vc_column_text el_class=&#8220;nd_options_text_align_center_responsive&#8220;]Die <strong>Hayduk-Passage<\/strong> stellt anderen Unternehmern Raum f\u00fcr Einzelhandels- und Dienstleistungsaktivit\u00e4ten zur Verf\u00fcgung. Im Erdgeschoss der Anlage wird der Betrieb abgewickelt:<\/p>\n<p><strong>Perefect Look Clinic<\/strong> &#8211; Sch\u00f6nheitssalon<br \/>\n<strong>Studio WOW<\/strong> &#8211; Haar- und Sch\u00f6nheitssalon<br \/>\n<strong>Outlet<\/strong> &#8211; Gesch\u00e4ft f\u00fcr Haus und Garten<br \/>\nDer <strong>chinesische Markt<\/strong> &#8211; ein Gesch\u00e4ft mit mehreren Filialen und einem vielf\u00e4ltigen Produktsortiment<br \/>\n<strong>Gartengesch\u00e4ft<\/strong> &#8211; Saatgut, D\u00fcngemittel, Futtermittel[\/vc_column_text]<div style=\"background-color:;height: 20px\" class=\"nicdark_section  \"><\/div>[vc_column_text el_class=&#8220;nd_options_text_align_center_responsive&#8220;][\/vc_column_text][\/vc_column][vc_column width=&#8220;6\/12&#8243; css=&#8220;.vc_custom_1467360650255{margin-top: 10px !important;margin-bottom: 10px !important;padding-top: 0px !important;padding-right: 40px !important;}&#8220;]<div style=\"background-color:;height: 10px\" class=\"nicdark_section  \"><\/div> <h1 style=\"color:#1c1c1c;padding:px;text-align:center;font-size:40px;line-height:50px;letter-spacing: px;font-weight:bold\" class=\"  nd_options_text_align_center_responsive_important nd_options_first_font \">Hayduk ist seit \u00fcber 30 Jahren auf dem lokalen Markt t\u00e4tig<\/h1> <div style=\"background-color:;height: 20px\" class=\"nicdark_section  \"><\/div>[vc_column_text el_class=&#8220;nd_options_text_align_center_responsive&#8220;]Auf dem gro\u00dfen Parkplatz an der Hayduk-Passage befindet sich auch ein Inpost-Paketautomat, zu dem Sie bequem fahren k\u00f6nnen, um Ihr Paket zu versenden oder abzuholen.<\/p>\n<p><strong>In der Hayduk-Passage steht im Erdgeschoss noch eine Einzelhandels- und Dienstleistungseinheit zur Vermietung frei. Fl\u00e4che von 250 m\u00b2 mit Eingang von der Moniuszki Stra\u00dfe und Parkplatz neben dem Havana Pub.<\/strong> Mietinteressenten werden gebeten, sich mit uns in Verbindung zu setzen.<\/p>\n<p>&nbsp;<\/p>\n<p>Unten \u2193 finden Sie Fotos und Beschreibungen der Einzelhandels- und Dienstleistungsgesch\u00e4fte in der Passage Hayduk \u2193.[\/vc_column_text][\/vc_column][\/vc_row][vc_row css=&#8220;.vc_custom_1492510780167{margin-top: 30px !important;}&#8220;][vc_column width=&#8220;1\/4&#8243;]<div style=\"background-color:;height: 10px\" class=\"nicdark_section  \"><\/div>\n\n\n  <!--START team-->\n  <div class=\" nd_options_price_team_l4 nd_options_section  nd_options_text_align_center \">\n                                        \n    <!--image-->\n    <div class=\"nd_options_section\">\n        \n        <img decoding=\"async\" alt=\"\" class=\"nd_options_section\" src=\"https:\/\/hayduk.pl\/wp-content\/uploads\/2022\/05\/perfect-look-min-1024x683.jpg\">\n\n    <\/div>\n    <!--image-->\n\n\n    <div class=\"nd_options_section nd_options_padding_20 nd_options_box_sizing_border_box\">\n    \n        <h2 class=\"nd_options_margin_0_important\"><strong>Perfect Look Clinic<\/strong><\/h2>\n        <div class=\"nd_options_section nd_options_height_10\"><\/div> \n        <h6 class=\"nd_options_color_grey nd_options_font_size_12 nd_options_text_transform_uppercase nd_options_letter_spacing_3 nd_options_second_font nd_options_font_weight_lighter\"><\/h6>\n        <div class=\"nd_options_section nd_options_height_20\"><\/div> \n        <p class=\"nd_options_margin_0_important\"><\/p>\n        <div class=\"nd_options_section nd_options_height_20\"><\/div> \n        <a rel=\"\" target=\"_blank\" class=\"nd_options_margin_0_important nd_options_display_inline_block nd_options_color_grey nd_options_border_1_solid_grey nd_options_first_font nd_options_padding_8_12 nd_options_border_radius_20 nd_options_font_size_13\" href=\"https:\/\/hayduk.pl\/de\/perfect-look-klinik\/\">Perfect Look Clinic<\/a>\n\n    <\/div>\n\n  <\/div>\n  <!--END team-->\n\n\n   <div style=\"background-color:;height: 10px\" class=\"nicdark_section  \"><\/div>[\/vc_column][vc_column width=&#8220;1\/4&#8243;]<div style=\"background-color:;height: 10px\" class=\"nicdark_section  \"><\/div>\n\n\n  <!--START team-->\n  <div class=\" nd_options_price_team_l4 nd_options_section  nd_options_text_align_center \">\n                                        \n    <!--image-->\n    <div class=\"nd_options_section\">\n        \n        <img decoding=\"async\" alt=\"\" class=\"nd_options_section\" src=\"https:\/\/hayduk.pl\/wp-content\/uploads\/2022\/05\/wow1-min-1024x683.jpg\">\n\n    <\/div>\n    <!--image-->\n\n\n    <div class=\"nd_options_section nd_options_padding_20 nd_options_box_sizing_border_box\">\n    \n        <h2 class=\"nd_options_margin_0_important\"><strong>Studio Wow<\/strong><\/h2>\n        <div class=\"nd_options_section nd_options_height_10\"><\/div> \n        <h6 class=\"nd_options_color_grey nd_options_font_size_12 nd_options_text_transform_uppercase nd_options_letter_spacing_3 nd_options_second_font nd_options_font_weight_lighter\">Friseur- und Kosmetiksalon<\/h6>\n        <div class=\"nd_options_section nd_options_height_20\"><\/div> \n        <p class=\"nd_options_margin_0_important\"><\/p>\n        <div class=\"nd_options_section nd_options_height_20\"><\/div> \n        <a rel=\"\" target=\"_blank\" class=\"nd_options_margin_0_important nd_options_display_inline_block nd_options_color_grey nd_options_border_1_solid_grey nd_options_first_font nd_options_padding_8_12 nd_options_border_radius_20 nd_options_font_size_13\" href=\"https:\/\/hayduk.pl\/de\/studio-wow\/\">Studio Wow<\/a>\n\n    <\/div>\n\n  <\/div>\n  <!--END team-->\n\n\n   <div style=\"background-color:;height: 10px\" class=\"nicdark_section  \"><\/div>[\/vc_column][vc_column width=&#8220;1\/4&#8243;]<div style=\"background-color:;height: 10px\" class=\"nicdark_section  \"><\/div>\n\n\n  <!--START team-->\n  <div class=\" nd_options_price_team_l4 nd_options_section  nd_options_text_align_center \">\n                                        \n    <!--image-->\n    <div class=\"nd_options_section\">\n        \n        <img decoding=\"async\" alt=\"\" class=\"nd_options_section\" src=\"https:\/\/hayduk.pl\/wp-content\/uploads\/2022\/05\/outlet1-min-1024x683.jpg\">\n\n    <\/div>\n    <!--image-->\n\n\n    <div class=\"nd_options_section nd_options_padding_20 nd_options_box_sizing_border_box\">\n    \n        <h2 class=\"nd_options_margin_0_important\"><strong>Outlet<\/strong><\/h2>\n        <div class=\"nd_options_section nd_options_height_10\"><\/div> \n        <h6 class=\"nd_options_color_grey nd_options_font_size_12 nd_options_text_transform_uppercase nd_options_letter_spacing_3 nd_options_second_font nd_options_font_weight_lighter\">Gesch\u00e4ft f\u00fcr Haus- und Gartenbedarf<\/h6>\n        <div class=\"nd_options_section nd_options_height_20\"><\/div> \n        <p class=\"nd_options_margin_0_important\"><\/p>\n        <div class=\"nd_options_section nd_options_height_20\"><\/div> \n        <a rel=\"\" target=\"_blank\" class=\"nd_options_margin_0_important nd_options_display_inline_block nd_options_color_grey nd_options_border_1_solid_grey nd_options_first_font nd_options_padding_8_12 nd_options_border_radius_20 nd_options_font_size_13\" href=\"https:\/\/hayduk.pl\/de\/auslauf\/\">Auslauf<\/a>\n\n    <\/div>\n\n  <\/div>\n  <!--END team-->\n\n\n   <div style=\"background-color:;height: 10px\" class=\"nicdark_section  \"><\/div>[\/vc_column][vc_column width=&#8220;1\/4&#8243;]<div style=\"background-color:;height: 10px\" class=\"nicdark_section  \"><\/div>\n\n\n  <!--START team-->\n  <div class=\" nd_options_price_team_l4 nd_options_section  nd_options_text_align_center \">\n                                        \n    <!--image-->\n    <div class=\"nd_options_section\">\n        \n        <img decoding=\"async\" alt=\"\" class=\"nd_options_section\" src=\"https:\/\/hayduk.pl\/wp-content\/uploads\/2022\/05\/chin1-min-1024x683.jpg\">\n\n    <\/div>\n    <!--image-->\n\n\n    <div class=\"nd_options_section nd_options_padding_20 nd_options_box_sizing_border_box\">\n    \n        <h2 class=\"nd_options_margin_0_important\"><strong>Chinesischer Markt<\/strong><\/h2>\n        <div class=\"nd_options_section nd_options_height_10\"><\/div> \n        <h6 class=\"nd_options_color_grey nd_options_font_size_12 nd_options_text_transform_uppercase nd_options_letter_spacing_3 nd_options_second_font nd_options_font_weight_lighter\">Industrieg\u00fcter und Bekleidung<\/h6>\n        <div class=\"nd_options_section nd_options_height_20\"><\/div> \n        <p class=\"nd_options_margin_0_important\"><\/p>\n        <div class=\"nd_options_section nd_options_height_20\"><\/div> \n        <a rel=\"\" target=\"_blank\" class=\"nd_options_margin_0_important nd_options_display_inline_block nd_options_color_grey nd_options_border_1_solid_grey nd_options_first_font nd_options_padding_8_12 nd_options_border_radius_20 nd_options_font_size_13\" href=\"https:\/\/hayduk.pl\/de\/chinesischer-markt\/\">Chinesischer markt<\/a>\n\n    <\/div>\n\n  <\/div>\n  <!--END team-->\n\n\n   <div style=\"background-color:;height: 10px\" class=\"nicdark_section  \"><\/div>[\/vc_column][\/vc_row][vc_row full_width=&#8220;stretch_row&#8220; parallax=&#8220;content-moving&#8220; parallax_image=&#8220;2424&#8243; css=&#8220;.vc_custom_1653741202439{margin-top: 60px !important;padding-top: 100px !important;padding-bottom: 100px !important;}&#8220; el_class=&#8220;nd_options_vc_parallax_filter_2_2&#8243;][vc_column width=&#8220;8\/12&#8243;]\n\n\n    <div class=\"nd_options_section nd_options_position_relative \">\n        <img decoding=\"async\" alt=\"\" class=\"nd_options_position_absolute nd_options_left_0\" width=\"55\" src=\"\">\n        <div class=\"nd_options_section nd_options_padding_left_80 nd_options_box_sizing_border_box\">\n            <h1 class=\"nd_options_font_size_40 nd_options_line_height_50\" style=\"color:#ffffff\"><strong>Hayduk-Passage in Zahlen<\/strong><\/h1>\n        <\/div>\n    <\/div>\n\n\n  <div style=\"background-color:;height: 70px\" class=\"nicdark_section  \"><\/div>[vc_row_inner][vc_column_inner width=&#8220;1\/4&#8243; css=&#8220;.vc_custom_1469630269458{padding-top: 10px !important;padding-bottom: 10px !important;}&#8220;]<h1 style=\"text-align:center;color:#ffffff;font-size:50px\" class=\" nd_options_counter_component_l1 nd_options_font_weight_bolder nd_options_counter  \" data-to=\"30\" data-speed=\"1000\">30<\/h1><div style=\"background-color:;height: 20px\" class=\"nicdark_section  \"><\/div> <p style=\"color:#ffffff;padding:px;text-align:center;font-size:15px;line-height:30px;letter-spacing: 2px;font-weight:lighter\" class=\"   nd_options_second_font \">JAHRE ERFAHRUNG IM GESCH\u00c4FT<\/p> [\/vc_column_inner][vc_column_inner width=&#8220;1\/4&#8243; css=&#8220;.vc_custom_1469630276028{padding-top: 10px !important;padding-bottom: 10px !important;}&#8220;]<h1 style=\"text-align:center;color:#ffffff;font-size:50px\" class=\" nd_options_counter_component_l1 nd_options_font_weight_bolder nd_options_counter  \" data-to=\"11\" data-speed=\"1000\">11<\/h1><div style=\"background-color:;height: 20px\" class=\"nicdark_section  \"><\/div> <p style=\"color:#ffffff;padding:px;text-align:center;font-size:15px;line-height:30px;letter-spacing: 2px;font-weight:lighter\" class=\"   nd_options_second_font \">WOHNUNGEN<\/p> [\/vc_column_inner][vc_column_inner width=&#8220;1\/4&#8243; css=&#8220;.vc_custom_1469630283566{padding-top: 10px !important;padding-bottom: 10px !important;}&#8220;]<h1 style=\"text-align:center;color:#ffffff;font-size:50px\" class=\" nd_options_counter_component_l1 nd_options_font_weight_bolder nd_options_counter  \" data-to=\"3\" data-speed=\"1000\">3<\/h1><div style=\"background-color:;height: 20px\" class=\"nicdark_section  \"><\/div> <p style=\"color:#ffffff;padding:px;text-align:center;font-size:15px;line-height:30px;letter-spacing: 2px;font-weight:lighter\" class=\"   nd_options_second_font \">AKTIVIT\u00c4TENPROFILE<\/p> [\/vc_column_inner][\/vc_row_inner][\/vc_column][vc_column width=&#8220;4\/12&#8243;][\/vc_column][\/vc_row][vc_row css=&#8220;.vc_custom_1492509935473{margin-top: 45px !important;}&#8220;][vc_column width=&#8220;1\/12&#8243; el_class=&#8220;nd_options_text_align_center&#8220;][\/vc_column][vc_column width=&#8220;5\/12&#8243;]<div style=\"background-color:;height: 25px\" class=\"nicdark_section  \"><\/div>\n\n    <div class=\"nd_options_section nd_options_position_relative \">\n\n        <img decoding=\"async\" style=\"top:10px\" alt=\"\" class=\"nd_options_position_absolute nd_options_left_0\" width=\"50\" src=\"https:\/\/hayduk.pl\/wp-content\/uploads\/2017\/07\/parking-icon.png\">\n\n        <div style=\"padding-left:70px\" class=\"nd_options_section nd_options_box_sizing_border_box\">\n            \n            <h3 class=\"  \" style=\"margin:;color:;font-size:px;line-height:px\">Parken<\/h3> \n            <p class=\"nd_options_second_font  \" style=\"margin:0px 0px 15px 0px;color:#878787;font-size:14px;line-height:24px\">Rund um die Hayduk Passage befindet sich ein gro\u00dfer, ger\u00e4umiger, unbewachter Parkplatz. Der Parkplatz bietet Platz f\u00fcr etwa 100 Autos.<\/p> \n            <a class=\"nd_options_second_font nd_options_display_inline_block \" style=\"font-size:11px;line-height:11px;border-radius:0px;border:0px solid #ffffff;background-color:#1c1c1c;padding:8px 12px;color:#ffffff\" rel=\"\" href=\"https:\/\/hayduk.pl\/de\/parken\/\">Parken<\/a>\n\n        <\/div>\n\n    <\/div>\n\n  <div style=\"background-color:;height: 50px\" class=\"nicdark_section  \"><\/div>\n\n    <div class=\"nd_options_section nd_options_position_relative \">\n\n        <img decoding=\"async\" style=\"top:10px\" alt=\"\" class=\"nd_options_position_absolute nd_options_left_0\" width=\"50\" src=\"https:\/\/hayduk.pl\/wp-content\/uploads\/2022\/06\/icons8-wall-mount-camera-64.png\">\n\n        <div style=\"padding-left:70px\" class=\"nd_options_section nd_options_box_sizing_border_box\">\n            \n            <h3 class=\"  \" style=\"margin:;color:;font-size:px;line-height:px\">\u00dcberwachung<\/h3> \n            <p class=\"nd_options_second_font  \" style=\"margin:0px 0px 15px 0px;color:#878787;font-size:14px;line-height:24px\">Video\u00fcberwachung<\/p> \n            <a class=\"nd_options_second_font nd_options_display_inline_block \" style=\"font-size:11px;line-height:11px;border-radius:0px;border:0px solid #ffffff;background-color:#1c1c1c;padding:8px 12px;color:#ffffff\" rel=\"\" href=\"https:\/\/hayduk.pl\/de\/ueberwachung\/\">\u00dcberwachung<\/a>\n\n        <\/div>\n\n    <\/div>\n\n  <div style=\"background-color:;height: 25px\" class=\"nicdark_section  \"><\/div>[\/vc_column][vc_column width=&#8220;5\/12&#8243;]<div style=\"background-color:;height: 25px\" class=\"nicdark_section  \"><\/div>\n\n    <div class=\"nd_options_section nd_options_position_relative \">\n\n        <img decoding=\"async\" style=\"top:10px\" alt=\"\" class=\"nd_options_position_absolute nd_options_left_0\" width=\"50\" src=\"https:\/\/hayduk.pl\/wp-content\/uploads\/2017\/07\/bed-icon.png\">\n\n        <div style=\"padding-left:70px\" class=\"nd_options_section nd_options_box_sizing_border_box\">\n            \n            <h3 class=\"  \" style=\"margin:;color:;font-size:px;line-height:px\">Wohnungen<\/h3> \n            <p class=\"nd_options_second_font  \" style=\"margin:0px 0px 15px 0px;color:#878787;font-size:14px;line-height:24px\">In der Hayduk Passage k\u00f6nnen Sie ein komfortables Studio-Apartment mieten. Derzeit stehen den G\u00e4sten 11 Appartements mit Kochnische und Bad zur Verf\u00fcgung.<\/p> \n            <a class=\"nd_options_second_font nd_options_display_inline_block \" style=\"font-size:11px;line-height:11px;border-radius:0px;border:0px solid #ffffff;background-color:#1c1c1c;padding:8px 12px;color:#ffffff\" rel=\"\" href=\"https:\/\/hayduk.pl\/de\/wohnungen\/\">Wohnungen<\/a>\n\n        <\/div>\n\n    <\/div>\n\n  <div style=\"background-color:;height: 50px\" class=\"nicdark_section  \"><\/div>\n\n    <div class=\"nd_options_section nd_options_position_relative \">\n\n        <img decoding=\"async\" style=\"top:10px\" alt=\"\" class=\"nd_options_position_absolute nd_options_left_0\" width=\"50\" src=\"https:\/\/hayduk.pl\/wp-content\/uploads\/2022\/06\/icons8-market-64.png\">\n\n        <div style=\"padding-left:70px\" class=\"nd_options_section nd_options_box_sizing_border_box\">\n            \n            <h3 class=\"  \" style=\"margin:;color:;font-size:px;line-height:px\">Einkaufsviertel<\/h3> \n            <p class=\"nd_options_second_font  \" style=\"margin:0px 0px 15px 0px;color:#878787;font-size:14px;line-height:24px\">In unmittelbarer N\u00e4he der Hayduk Passage befindet sich ein gro\u00dfer Stadtmarkt und ca. 600 Meter von der Immobilie entfernt finden sich viele weitere Einzelhandelsgesch\u00e4fte.<\/p> \n            <a class=\"nd_options_second_font nd_options_display_inline_block \" style=\"font-size:11px;line-height:11px;border-radius:0px;border:0px solid #ffffff;background-color:#1c1c1c;padding:8px 12px;color:#ffffff\" rel=\"\" href=\"https:\/\/hayduk.pl\/de\/einkaufsviertel\/\">Einkaufsviertel<\/a>\n\n        <\/div>\n\n    <\/div>\n\n  <div style=\"background-color:;height: 25px\" class=\"nicdark_section  \"><\/div>[\/vc_column][vc_column width=&#8220;1\/12&#8243;][\/vc_column][\/vc_row]<\/p>\n","protected":false},"excerpt":{"rendered":"<p>[vc_row][vc_column width=&#8220;3\/12&#8243; css=&#8220;.vc_custom_1467207292391{margin-top: 10px !important;margin-bottom: 10px !important;padding-top: 0px !important;}&#8220;][vc_column_text el_class=&#8220;nd_options_text_align_center_responsive&#8220;]Die wichtigsten Gesch\u00e4ftsprofile von Hayduk: Vermietung von Wohnungen, Vermietung von Fl\u00e4chen f\u00fcr Einzelhandels- und Dienstleistungsaktivit\u00e4ten in der Hayduk-Passage, Informations- und Werbet\u00e4tigkeiten unter dem Namen des Verlags &#8222;Moja Gazeta&#8220;. [\/vc_column_text][vc_column_text el_class=&#8220;nd_options_text_align_center_responsive&#8220;]Moja Gazeta ist das regionale Nachrichtenportal moja24.pl mit aktuellen Nachrichten und Ereignisse aus dem Bezirk \u017bary. Wenn [&hellip;]<\/p>\n","protected":false},"author":1,"featured_media":0,"parent":0,"menu_order":0,"comment_status":"closed","ping_status":"closed","template":"","meta":{"footnotes":""},"class_list":["post-3222","page","type-page","status-publish","hentry"],"yoast_head":"<!-- This site is optimized with the Yoast SEO plugin v27.3 - https:\/\/yoast.com\/product\/yoast-seo-wordpress\/ -->\n<title>Hayduk-Passage - Hayduk<\/title>\n<meta name=\"robots\" content=\"index, follow, max-snippet:-1, max-image-preview:large, max-video-preview:-1\" \/>\n<link rel=\"canonical\" href=\"https:\/\/hayduk.pl\/de\/hayduk-passage\/\" \/>\n<meta property=\"og:locale\" content=\"de_DE\" \/>\n<meta property=\"og:type\" content=\"article\" \/>\n<meta property=\"og:title\" content=\"Hayduk-Passage - Hayduk\" \/>\n<meta property=\"og:description\" content=\"[vc_row][vc_column width=&#8220;3\/12&#8243; css=&#8220;.vc_custom_1467207292391{margin-top: 10px !important;margin-bottom: 10px !important;padding-top: 0px !important;}&#8220;][vc_column_text el_class=&#8220;nd_options_text_align_center_responsive&#8220;]Die wichtigsten Gesch\u00e4ftsprofile von Hayduk: Vermietung von Wohnungen, Vermietung von Fl\u00e4chen f\u00fcr Einzelhandels- und Dienstleistungsaktivit\u00e4ten in der Hayduk-Passage, Informations- und Werbet\u00e4tigkeiten unter dem Namen des Verlags &#8222;Moja Gazeta&#8220;. [\/vc_column_text][vc_column_text el_class=&#8220;nd_options_text_align_center_responsive&#8220;]Moja Gazeta ist das regionale Nachrichtenportal moja24.pl mit aktuellen Nachrichten und Ereignisse aus dem Bezirk \u017bary. Wenn [&hellip;]\" \/>\n<meta property=\"og:url\" content=\"https:\/\/hayduk.pl\/de\/hayduk-passage\/\" \/>\n<meta property=\"og:site_name\" content=\"Hayduk\" \/>\n<meta property=\"article:modified_time\" content=\"2022-07-03T13:16:20+00:00\" \/>\n<meta name=\"twitter:card\" content=\"summary_large_image\" \/>\n<meta name=\"twitter:label1\" content=\"Gesch\u00e4tzte Lesezeit\" \/>\n\t<meta name=\"twitter:data1\" content=\"4\u00a0Minuten\" \/>\n<script type=\"application\/ld+json\" class=\"yoast-schema-graph\">{\"@context\":\"https:\\\/\\\/schema.org\",\"@graph\":[{\"@type\":\"WebPage\",\"@id\":\"https:\\\/\\\/hayduk.pl\\\/de\\\/hayduk-passage\\\/\",\"url\":\"https:\\\/\\\/hayduk.pl\\\/de\\\/hayduk-passage\\\/\",\"name\":\"Hayduk-Passage - Hayduk\",\"isPartOf\":{\"@id\":\"https:\\\/\\\/hayduk.pl\\\/de\\\/#website\"},\"datePublished\":\"2017-07-19T06:57:14+00:00\",\"dateModified\":\"2022-07-03T13:16:20+00:00\",\"breadcrumb\":{\"@id\":\"https:\\\/\\\/hayduk.pl\\\/de\\\/hayduk-passage\\\/#breadcrumb\"},\"inLanguage\":\"de\",\"potentialAction\":[{\"@type\":\"ReadAction\",\"target\":[\"https:\\\/\\\/hayduk.pl\\\/de\\\/hayduk-passage\\\/\"]}]},{\"@type\":\"BreadcrumbList\",\"@id\":\"https:\\\/\\\/hayduk.pl\\\/de\\\/hayduk-passage\\\/#breadcrumb\",\"itemListElement\":[{\"@type\":\"ListItem\",\"position\":1,\"name\":\"Strona g\u0142\u00f3wna\",\"item\":\"https:\\\/\\\/hayduk.pl\\\/de\\\/heim\\\/\"},{\"@type\":\"ListItem\",\"position\":2,\"name\":\"Hayduk-Passage\"}]},{\"@type\":\"WebSite\",\"@id\":\"https:\\\/\\\/hayduk.pl\\\/de\\\/#website\",\"url\":\"https:\\\/\\\/hayduk.pl\\\/de\\\/\",\"name\":\"Hayduk\",\"description\":\"Komfortowe apartamenty \u017bary\",\"potentialAction\":[{\"@type\":\"SearchAction\",\"target\":{\"@type\":\"EntryPoint\",\"urlTemplate\":\"https:\\\/\\\/hayduk.pl\\\/de\\\/?s={search_term_string}\"},\"query-input\":{\"@type\":\"PropertyValueSpecification\",\"valueRequired\":true,\"valueName\":\"search_term_string\"}}],\"inLanguage\":\"de\"}]}<\/script>\n<!-- \/ Yoast SEO plugin. -->","yoast_head_json":{"title":"Hayduk-Passage - Hayduk","robots":{"index":"index","follow":"follow","max-snippet":"max-snippet:-1","max-image-preview":"max-image-preview:large","max-video-preview":"max-video-preview:-1"},"canonical":"https:\/\/hayduk.pl\/de\/hayduk-passage\/","og_locale":"de_DE","og_type":"article","og_title":"Hayduk-Passage - Hayduk","og_description":"[vc_row][vc_column width=&#8220;3\/12&#8243; css=&#8220;.vc_custom_1467207292391{margin-top: 10px !important;margin-bottom: 10px !important;padding-top: 0px !important;}&#8220;][vc_column_text el_class=&#8220;nd_options_text_align_center_responsive&#8220;]Die wichtigsten Gesch\u00e4ftsprofile von Hayduk: Vermietung von Wohnungen, Vermietung von Fl\u00e4chen f\u00fcr Einzelhandels- und Dienstleistungsaktivit\u00e4ten in der Hayduk-Passage, Informations- und Werbet\u00e4tigkeiten unter dem Namen des Verlags &#8222;Moja Gazeta&#8220;. [\/vc_column_text][vc_column_text el_class=&#8220;nd_options_text_align_center_responsive&#8220;]Moja Gazeta ist das regionale Nachrichtenportal moja24.pl mit aktuellen Nachrichten und Ereignisse aus dem Bezirk \u017bary. Wenn [&hellip;]","og_url":"https:\/\/hayduk.pl\/de\/hayduk-passage\/","og_site_name":"Hayduk","article_modified_time":"2022-07-03T13:16:20+00:00","twitter_card":"summary_large_image","twitter_misc":{"Gesch\u00e4tzte Lesezeit":"4\u00a0Minuten"},"schema":{"@context":"https:\/\/schema.org","@graph":[{"@type":"WebPage","@id":"https:\/\/hayduk.pl\/de\/hayduk-passage\/","url":"https:\/\/hayduk.pl\/de\/hayduk-passage\/","name":"Hayduk-Passage - Hayduk","isPartOf":{"@id":"https:\/\/hayduk.pl\/de\/#website"},"datePublished":"2017-07-19T06:57:14+00:00","dateModified":"2022-07-03T13:16:20+00:00","breadcrumb":{"@id":"https:\/\/hayduk.pl\/de\/hayduk-passage\/#breadcrumb"},"inLanguage":"de","potentialAction":[{"@type":"ReadAction","target":["https:\/\/hayduk.pl\/de\/hayduk-passage\/"]}]},{"@type":"BreadcrumbList","@id":"https:\/\/hayduk.pl\/de\/hayduk-passage\/#breadcrumb","itemListElement":[{"@type":"ListItem","position":1,"name":"Strona g\u0142\u00f3wna","item":"https:\/\/hayduk.pl\/de\/heim\/"},{"@type":"ListItem","position":2,"name":"Hayduk-Passage"}]},{"@type":"WebSite","@id":"https:\/\/hayduk.pl\/de\/#website","url":"https:\/\/hayduk.pl\/de\/","name":"Hayduk","description":"Komfortowe apartamenty \u017bary","potentialAction":[{"@type":"SearchAction","target":{"@type":"EntryPoint","urlTemplate":"https:\/\/hayduk.pl\/de\/?s={search_term_string}"},"query-input":{"@type":"PropertyValueSpecification","valueRequired":true,"valueName":"search_term_string"}}],"inLanguage":"de"}]}},"jetpack_sharing_enabled":true,"_links":{"self":[{"href":"https:\/\/hayduk.pl\/de\/wp-json\/wp\/v2\/pages\/3222","targetHints":{"allow":["GET"]}}],"collection":[{"href":"https:\/\/hayduk.pl\/de\/wp-json\/wp\/v2\/pages"}],"about":[{"href":"https:\/\/hayduk.pl\/de\/wp-json\/wp\/v2\/types\/page"}],"author":[{"embeddable":true,"href":"https:\/\/hayduk.pl\/de\/wp-json\/wp\/v2\/users\/1"}],"replies":[{"embeddable":true,"href":"https:\/\/hayduk.pl\/de\/wp-json\/wp\/v2\/comments?post=3222"}],"version-history":[{"count":10,"href":"https:\/\/hayduk.pl\/de\/wp-json\/wp\/v2\/pages\/3222\/revisions"}],"predecessor-version":[{"id":3256,"href":"https:\/\/hayduk.pl\/de\/wp-json\/wp\/v2\/pages\/3222\/revisions\/3256"}],"wp:attachment":[{"href":"https:\/\/hayduk.pl\/de\/wp-json\/wp\/v2\/media?parent=3222"}],"curies":[{"name":"wp","href":"https:\/\/api.w.org\/{rel}","templated":true}]}}