{"id":3216,"date":"2021-10-30T12:16:58","date_gmt":"2021-10-30T10:16:58","guid":{"rendered":"https:\/\/hayduk.pl\/aufenthaltsbedingungen\/"},"modified":"2022-08-16T12:18:53","modified_gmt":"2022-08-16T10:18:53","slug":"aufenthaltsbedingungen","status":"publish","type":"page","link":"https:\/\/hayduk.pl\/de\/aufenthaltsbedingungen\/","title":{"rendered":"Aufenthaltsbedingungen"},"content":{"rendered":"&#13;\n<ol>&#13;\n<li><span style=\"font-weight: 400;\">Apartamenty wynajmowane s\u0105 na doby, doba zaczyna si\u0119 o godz. 15.00 i ko\u0144czy o godz. 11.00 ostatniego dnia pobytu.<\/span><\/li>&#13;\n<li>Obiekt \u015bwiadczy us\u0142ugi zgodnie ze swoim standardem. Aktualne opisy poszczeg\u00f3lnych apartament\u00f3w oraz ich wyposa\u017cenia znajduj\u0105 si\u0119 na stronie internetowej obiektu https:\/\/hayduk.pl .<\/li>&#13;\n<li>Obiekt nie posiada recepcji , wszelkie formalno\u015bci za\u0142atwiane s\u0105 w biurze obiektu.<\/li>&#13;\n<li>Obiekt zapewnia : odpowiednie warunki do wygodnego wypoczynku go\u015bcia, bezpiecze\u0144stwo oraz poufno\u015b\u0107 pobytu Go\u015bcia, mi\u0142\u0105 i profesjonaln\u0105 obs\u0142ug\u0119, na wyra\u017ane \u017cyczenie Go\u015bcia\u00a0 sprz\u0105tnie apartamentu oraz wymian\u0119 r\u0119cznik\u00f3w w trakcie pobytu d\u0142u\u017cszego ni\u017c 1 doba.<\/li>&#13;\n<li>Obiekt uwzgl\u0119dni pro\u015bb\u0119 przed\u0142u\u017cenia pobytu w miar\u0119 mo\u017cliwo\u015bci tzn w przypadku kiedy b\u0119dzie dysponowa\u0142 wolnym apartamentem.<\/li>&#13;\n<li aria-level=\"1\">Go\u015b\u0107 nie mo\u017ce przekaza\u0107 op\u0142aconego apartamentu osobom trzecim, nawet w przypadku kiedy nie wykorzysta\u0142 ca\u0142ego op\u0142aconego pobytu.<\/li>&#13;\n<li style=\"font-weight: 400;\" aria-level=\"1\"><span style=\"font-weight: 400;\">Dzieci \u015bpi\u0105 na dost\u0119pnych \u0142\u00f3\u017ckach. Istnieje mo\u017cliwo\u015b\u0107 dostawienia \u0142\u00f3\u017ceczka dla niemowl\u0119cia. Op\u0142ata jak za dostawk\u0119. Liczba \u0142\u00f3\u017ceczek jest ograniczona.<\/span><\/li>&#13;\n<li style=\"font-weight: 400;\" aria-level=\"1\"><span style=\"font-weight: 400;\">W obiekcie nie akceptujemy zwierz\u0105t.\u00a0<\/span><\/li>&#13;\n<li style=\"font-weight: 400;\" aria-level=\"1\"><span style=\"font-weight: 400;\">W obiekcie i apartamentach obowi\u0105zuje ca\u0142kowity zakaz palenia tytoniu. Za niezastosowanie si\u0119 do zakazu go\u015b\u0107 b\u0119dzie obci\u0105\u017cony kosztami za straty poniesione przez obiekt za neutralizacj\u0119 zapachu dymu tytoniowego oraz koszty zwi\u0105zane z uruchomieniem systemu przeciwpo\u017carowego i dojazdu odpowiednich s\u0142u\u017cb.<\/span><\/li>&#13;\n<li style=\"font-weight: 400;\" aria-level=\"1\"><span style=\"font-weight: 400;\">Cisza nocna obowi\u0105zuje od godz. 22.00 do godz. 6.00 rano.<\/span><\/li>&#13;\n<li style=\"font-weight: 400;\" aria-level=\"1\"><span style=\"font-weight: 400;\">Osoby niezameldowane w obiekcie mog\u0105 przebywa\u0107 na jego terenie od godziny 6.00 do 20.00 .<\/span><\/li>&#13;\n<li style=\"font-weight: 400;\" aria-level=\"1\"><span style=\"font-weight: 400;\">Go\u015bcie obiektu ponosz\u0105 odpowiedzialno\u015b\u0107 za wszelkie szkody wyrz\u0105dzone w pokojach. Szkoda oznacza zar\u00f3wno zniszczenie lub uszkodzenie element\u00f3w wyposa\u017cenia pokoju jak ich utrat\u0119.<\/span><\/li>&#13;\n<li style=\"font-weight: 400;\" aria-level=\"1\"><span style=\"font-weight: 400;\">W przypadku powstania szkody podczas pobytu, Go\u015b\u0107 jest zobowi\u0105zany do pokrycia koszt\u00f3w jej naprawy. Za szkody wyrz\u0105dzone przez dzieci odpowiadaj\u0105 rodzice.<\/span><\/li>&#13;\n<li style=\"font-weight: 400;\" aria-level=\"1\"><span style=\"font-weight: 400;\">Go\u015b\u0107 powinien zawiadomi\u0107 w\u0142a\u015bcicieli o wyst\u0105pieniu szkody b\u0105d\u017a te\u017c o jej stwierdzeniu niezw\u0142ocznie po zameldowaniu i wej\u015bciu do apartamentu. W przeciwnym wypadku go\u015b\u0107 mo\u017ce by\u0107 zobowi\u0105zany do zap\u0142aty za zniszczenia.<\/span><\/li>&#13;\n<li style=\"font-weight: 400;\" aria-level=\"1\"><span style=\"font-weight: 400;\">Ze wzgl\u0119d\u00f3w na bezpiecze\u0144stwo przeciwpo\u017carowe zabronione jest u\u017cywanie urz\u0105dze\u0144 elektrycznych np. \u017celazek, grza\u0142ek i innych nieb\u0119d\u0105cych na wyposa\u017ceniu apartament\u00f3w.<\/span><\/li>&#13;\n<li style=\"font-weight: 400;\" aria-level=\"1\"><span style=\"font-weight: 400;\">Go\u015bcie zobowi\u0105zani s\u0105 do zamykania\u00a0 drzwi wej\u015bciowych po ka\u017cdym wej\u015bciu i\/lub wyj\u015bciu do\/z obiektu.<\/span><\/li>&#13;\n<li style=\"font-weight: 400;\" aria-level=\"1\"><span style=\"font-weight: 400;\">Obiekt nie ponosi odpowiedzialno\u015bci za uszkodzenia pojazdu nale\u017c\u0105cego do Go\u015bcia ( do dyspozycji go\u015bci jest parking niestrze\u017cony ), jak r\u00f3wnie\u017c za rzeczy warto\u015bciowe pozostawione w apartamentach.<\/span><\/li>&#13;\n<li aria-level=\"1\">Obiekt nie ponosi odpowiedzialno\u015bci za utrat\u0119 lub uszkodzenie rzeczy wniesionych przez Go\u015bcia w zakresie wyszczeg\u00f3lnionym przepisami Kodeksu Cywilnego w Art. 846 &#8211; 849 .\u00a0\u00a0<\/li>&#13;\n<li aria-level=\"1\">Obiekt nie przyjmuje w depozyt rzeczy warto\u015bciowych, pieni\u0119dzy, papier\u00f3w warto\u015bciowych oraz innych kosztownych i warto\u015bciowych rzeczy. W przypadku ich utraty zniszczenia, obiekt nie ponosi odpowiedzialno\u015bci.<\/li>&#13;\n<li style=\"font-weight: 400;\" aria-level=\"1\"><span style=\"font-weight: 400;\">Go\u015bcie zobowi\u0105zuj\u0105 si\u0119 wykorzystywa\u0107 obiekt jedynie do cel\u00f3w mieszkalnych \u2013 zabrania si\u0119 organizowania imprez w obiekcie.\u00a0<\/span><\/li>&#13;\n<li style=\"font-weight: 400;\" aria-level=\"1\"><span style=\"font-weight: 400;\">W przypadku, gdy Go\u015b\u0107 w spos\u00f3b znacz\u0105cy narusza spok\u00f3j i\/lub dobra s\u0105siad\u00f3w oraz nie przestrzega powszechnie stosowanych norm wsp\u00f3\u0142\u017cycia mi\u0119dzy lud\u017ami, obiekt zastrzega sobie prawo do wypowiedzenia Go\u015bciowi pobytu i nie jest w\u00f3wczas zobowi\u0105zany do zwrotu pieni\u0119dzy za niewykorzystany okres.<\/span><\/li>&#13;\n<li aria-level=\"1\">Obiekt zastrzega sobie prawo odmowy wynajmu apartament\u00f3w go\u015bciom powracaj\u0105cym, kt\u00f3rzy podczas poprzedniego pobytu ra\u017c\u0105co naruszyli regulamin pobytu.<\/li>&#13;\n<li style=\"font-weight: 400;\" aria-level=\"1\"><span style=\"font-weight: 400;\">Rezerwacja apartamentu oznacza zapoznanie si\u0119 i akceptacj\u0119 powy\u017cszego regulaminu. <br\/><br\/><\/span><b>\u017byczymy mi\u0142ego wypoczynku i zapraszamy ponownie!<\/b><b><i>\u00a0\u00a0\u00a0\u00a0\u00a0\u00a0\u00a0\u00a0\u00a0\u00a0\u00a0\u00a0\u00a0\u00a0\u00a0\u00a0\u00a0\u00a0\u00a0\u00a0\u00a0\u00a0\u00a0\u00a0\u00a0\u00a0\u00a0\u00a0\u00a0\u00a0\u00a0\u00a0\u00a0\u00a0\u00a0\u00a0\u00a0\u00a0\u00a0\u00a0\u00a0\u00a0\u00a0\u00a0\u00a0\u00a0\u00a0\u00a0\u00a0\u00a0\u00a0\u00a0\u00a0\u00a0\u00a0\u00a0\u00a0\u00a0\u00a0\u00a0\u00a0\u00a0\u00a0\u00a0\u00a0\u00a0\u00a0\u00a0\u00a0\u00a0\u00a0\u00a0\u00a0\u00a0\u00a0\u00a0\u00a0\u00a0\u00a0\u00a0\u00a0\u00a0\u00a0\u00a0\u00a0\u00a0\u00a0\u00a0\u00a0<\/i><\/b><\/li>&#13;\n<\/ol>&#13;\n","protected":false},"excerpt":{"rendered":"<p>&#13; &#13; Apartamenty wynajmowane s\u0105 na doby, doba zaczyna si\u0119 o godz. 15.00 i ko\u0144czy o godz. 11.00 ostatniego dnia pobytu. &#13; Obiekt \u015bwiadczy us\u0142ugi zgodnie ze swoim standardem. Aktualne opisy poszczeg\u00f3lnych apartament\u00f3w oraz ich wyposa\u017cenia znajduj\u0105 si\u0119 na stronie internetowej obiektu https:\/\/hayduk.pl . &#13; Obiekt nie posiada recepcji , wszelkie formalno\u015bci za\u0142atwiane s\u0105 w [&hellip;]<\/p>\n","protected":false},"author":1,"featured_media":0,"parent":0,"menu_order":0,"comment_status":"closed","ping_status":"open","template":"","meta":{"footnotes":""},"class_list":["post-3216","page","type-page","status-publish","hentry"],"yoast_head":"<!-- This site is optimized with the Yoast SEO plugin v27.4 - https:\/\/yoast.com\/product\/yoast-seo-wordpress\/ -->\n<title>Aufenthaltsbedingungen - Hayduk<\/title>\n<meta name=\"robots\" content=\"index, follow, max-snippet:-1, max-image-preview:large, max-video-preview:-1\" \/>\n<link rel=\"canonical\" href=\"https:\/\/hayduk.pl\/de\/aufenthaltsbedingungen\/\" \/>\n<meta property=\"og:locale\" content=\"de_DE\" \/>\n<meta property=\"og:type\" content=\"article\" \/>\n<meta property=\"og:title\" content=\"Aufenthaltsbedingungen - Hayduk\" \/>\n<meta property=\"og:description\" content=\"&#013; &#013; Apartamenty wynajmowane s\u0105 na doby, doba zaczyna si\u0119 o godz. 15.00 i ko\u0144czy o godz. 11.00 ostatniego dnia pobytu. &#013; Obiekt \u015bwiadczy us\u0142ugi zgodnie ze swoim standardem. Aktualne opisy poszczeg\u00f3lnych apartament\u00f3w oraz ich wyposa\u017cenia znajduj\u0105 si\u0119 na stronie internetowej obiektu https:\/\/hayduk.pl . &#013; Obiekt nie posiada recepcji , wszelkie formalno\u015bci za\u0142atwiane s\u0105 w [&hellip;]\" \/>\n<meta property=\"og:url\" content=\"https:\/\/hayduk.pl\/de\/aufenthaltsbedingungen\/\" \/>\n<meta property=\"og:site_name\" content=\"Hayduk\" \/>\n<meta property=\"article:modified_time\" content=\"2022-08-16T10:18:53+00:00\" \/>\n<meta name=\"twitter:card\" content=\"summary_large_image\" \/>\n<meta name=\"twitter:label1\" content=\"Gesch\u00e4tzte Lesezeit\" \/>\n\t<meta name=\"twitter:data1\" content=\"3\u00a0Minuten\" \/>\n<script type=\"application\/ld+json\" class=\"yoast-schema-graph\">{\"@context\":\"https:\\\/\\\/schema.org\",\"@graph\":[{\"@type\":\"WebPage\",\"@id\":\"https:\\\/\\\/hayduk.pl\\\/de\\\/aufenthaltsbedingungen\\\/\",\"url\":\"https:\\\/\\\/hayduk.pl\\\/de\\\/aufenthaltsbedingungen\\\/\",\"name\":\"Aufenthaltsbedingungen - Hayduk\",\"isPartOf\":{\"@id\":\"https:\\\/\\\/hayduk.pl\\\/de\\\/#website\"},\"datePublished\":\"2021-10-30T10:16:58+00:00\",\"dateModified\":\"2022-08-16T10:18:53+00:00\",\"breadcrumb\":{\"@id\":\"https:\\\/\\\/hayduk.pl\\\/de\\\/aufenthaltsbedingungen\\\/#breadcrumb\"},\"inLanguage\":\"de\",\"potentialAction\":[{\"@type\":\"ReadAction\",\"target\":[\"https:\\\/\\\/hayduk.pl\\\/de\\\/aufenthaltsbedingungen\\\/\"]}]},{\"@type\":\"BreadcrumbList\",\"@id\":\"https:\\\/\\\/hayduk.pl\\\/de\\\/aufenthaltsbedingungen\\\/#breadcrumb\",\"itemListElement\":[{\"@type\":\"ListItem\",\"position\":1,\"name\":\"Strona g\u0142\u00f3wna\",\"item\":\"https:\\\/\\\/hayduk.pl\\\/de\\\/heim\\\/\"},{\"@type\":\"ListItem\",\"position\":2,\"name\":\"Aufenthaltsbedingungen\"}]},{\"@type\":\"WebSite\",\"@id\":\"https:\\\/\\\/hayduk.pl\\\/de\\\/#website\",\"url\":\"https:\\\/\\\/hayduk.pl\\\/de\\\/\",\"name\":\"Hayduk\",\"description\":\"Komfortowe apartamenty \u017bary\",\"potentialAction\":[{\"@type\":\"SearchAction\",\"target\":{\"@type\":\"EntryPoint\",\"urlTemplate\":\"https:\\\/\\\/hayduk.pl\\\/de\\\/?s={search_term_string}\"},\"query-input\":{\"@type\":\"PropertyValueSpecification\",\"valueRequired\":true,\"valueName\":\"search_term_string\"}}],\"inLanguage\":\"de\"}]}<\/script>\n<!-- \/ Yoast SEO plugin. -->","yoast_head_json":{"title":"Aufenthaltsbedingungen - Hayduk","robots":{"index":"index","follow":"follow","max-snippet":"max-snippet:-1","max-image-preview":"max-image-preview:large","max-video-preview":"max-video-preview:-1"},"canonical":"https:\/\/hayduk.pl\/de\/aufenthaltsbedingungen\/","og_locale":"de_DE","og_type":"article","og_title":"Aufenthaltsbedingungen - Hayduk","og_description":"&#13; &#13; Apartamenty wynajmowane s\u0105 na doby, doba zaczyna si\u0119 o godz. 15.00 i ko\u0144czy o godz. 11.00 ostatniego dnia pobytu. &#13; Obiekt \u015bwiadczy us\u0142ugi zgodnie ze swoim standardem. Aktualne opisy poszczeg\u00f3lnych apartament\u00f3w oraz ich wyposa\u017cenia znajduj\u0105 si\u0119 na stronie internetowej obiektu https:\/\/hayduk.pl . &#13; Obiekt nie posiada recepcji , wszelkie formalno\u015bci za\u0142atwiane s\u0105 w [&hellip;]","og_url":"https:\/\/hayduk.pl\/de\/aufenthaltsbedingungen\/","og_site_name":"Hayduk","article_modified_time":"2022-08-16T10:18:53+00:00","twitter_card":"summary_large_image","twitter_misc":{"Gesch\u00e4tzte Lesezeit":"3\u00a0Minuten"},"schema":{"@context":"https:\/\/schema.org","@graph":[{"@type":"WebPage","@id":"https:\/\/hayduk.pl\/de\/aufenthaltsbedingungen\/","url":"https:\/\/hayduk.pl\/de\/aufenthaltsbedingungen\/","name":"Aufenthaltsbedingungen - Hayduk","isPartOf":{"@id":"https:\/\/hayduk.pl\/de\/#website"},"datePublished":"2021-10-30T10:16:58+00:00","dateModified":"2022-08-16T10:18:53+00:00","breadcrumb":{"@id":"https:\/\/hayduk.pl\/de\/aufenthaltsbedingungen\/#breadcrumb"},"inLanguage":"de","potentialAction":[{"@type":"ReadAction","target":["https:\/\/hayduk.pl\/de\/aufenthaltsbedingungen\/"]}]},{"@type":"BreadcrumbList","@id":"https:\/\/hayduk.pl\/de\/aufenthaltsbedingungen\/#breadcrumb","itemListElement":[{"@type":"ListItem","position":1,"name":"Strona g\u0142\u00f3wna","item":"https:\/\/hayduk.pl\/de\/heim\/"},{"@type":"ListItem","position":2,"name":"Aufenthaltsbedingungen"}]},{"@type":"WebSite","@id":"https:\/\/hayduk.pl\/de\/#website","url":"https:\/\/hayduk.pl\/de\/","name":"Hayduk","description":"Komfortowe apartamenty \u017bary","potentialAction":[{"@type":"SearchAction","target":{"@type":"EntryPoint","urlTemplate":"https:\/\/hayduk.pl\/de\/?s={search_term_string}"},"query-input":{"@type":"PropertyValueSpecification","valueRequired":true,"valueName":"search_term_string"}}],"inLanguage":"de"}]}},"jetpack_sharing_enabled":true,"_links":{"self":[{"href":"https:\/\/hayduk.pl\/de\/wp-json\/wp\/v2\/pages\/3216","targetHints":{"allow":["GET"]}}],"collection":[{"href":"https:\/\/hayduk.pl\/de\/wp-json\/wp\/v2\/pages"}],"about":[{"href":"https:\/\/hayduk.pl\/de\/wp-json\/wp\/v2\/types\/page"}],"author":[{"embeddable":true,"href":"https:\/\/hayduk.pl\/de\/wp-json\/wp\/v2\/users\/1"}],"replies":[{"embeddable":true,"href":"https:\/\/hayduk.pl\/de\/wp-json\/wp\/v2\/comments?post=3216"}],"version-history":[{"count":1,"href":"https:\/\/hayduk.pl\/de\/wp-json\/wp\/v2\/pages\/3216\/revisions"}],"predecessor-version":[{"id":3353,"href":"https:\/\/hayduk.pl\/de\/wp-json\/wp\/v2\/pages\/3216\/revisions\/3353"}],"wp:attachment":[{"href":"https:\/\/hayduk.pl\/de\/wp-json\/wp\/v2\/media?parent=3216"}],"curies":[{"name":"wp","href":"https:\/\/api.w.org\/{rel}","templated":true}]}}