{"id":3139,"date":"2022-06-15T12:45:35","date_gmt":"2022-06-15T10:45:35","guid":{"rendered":"https:\/\/hayduk.pl\/mietbedingungen\/"},"modified":"2022-08-16T12:22:50","modified_gmt":"2022-08-16T10:22:50","slug":"mietbedingungen","status":"publish","type":"page","link":"https:\/\/hayduk.pl\/de\/mietbedingungen\/","title":{"rendered":"Mietbedingungen"},"content":{"rendered":"\r\n<ol>\r\n<li>Die Website hayduk.pl ist f\u00fcr die Buchung von Unterk\u00fcnften in Hayduk Apartments bestimmt.<\/li>\r\n<li>Eigent\u00fcmer der Website und der auf der Website pr\u00e4sentierten Apartments ist die Firma PPUH Hayduk Andrzej Wojtaszek-Hayduk, ul. Moniuszki 11, 68-200 \u017bary, NIP 928-000-05-36, REGON 970030228, Bankkontonummer der Santander Bank Polska SA 47 1090 2561 0000 0001 3427 3199 SWIFT-Code: WBKPPLP.<\/li>\r\n<li>Apartments k\u00f6nnen online \u00fcber die Website gebucht werden.<\/li>\r\n<li>Bedingung f\u00fcr die Reservierung ist die Online-Zahlung von 100 % des Mietpreises zum Zeitpunkt der Buchung.<\/li>\r\n<li>Es ist m\u00f6glich, die Reservierung in der Einrichtung zu bezahlen, bevor Sie von Montag bis Freitag nach vorheriger Vereinbarung zu einer bestimmten Zeit einchecken.<\/li>\r\n<li>Der Zahlungsanbieter ist Przelewy24.<\/li>\r\n<li>Reservierungen k\u00f6nnen auch \u00fcber das Buchungsportal booking.com vorgenommen werden.<\/li>\r\n<li>Der Zahlungsanbieter f\u00fcr Reservierungen, die \u00fcber den Buchungsservice von booking.com vorgenommen werden, ist diese Website.<\/li>\r\n<li>Wir akzeptieren Zahlungskarten in der Einrichtung.<\/li>\r\n<li>Die Unterbringung in den Apartments erfolgt auf der Grundlage detaillierter Anweisungen und Zugangscodes, die 1 oder 2 Tage vor der Ankunft per SMS und \/ oder E-Mail gesendet werden, zur Selbstbedienung. Der Gast erh\u00e4lt einen Zugangscode zur Haupteingangst\u00fcr und zu einem Schlie\u00dffach in der Empfangshalle. Nach Eingabe des Codes \u00f6ffnet der Gast ein Schlie\u00dffach mit den Schl\u00fcsseln f\u00fcr das Apartment und Karten, die zum kostenlosen Parken auf dem Objekt berechtigen. Die Unterkunft ist ab 15:00 Uhr m\u00f6glich, Check-out bis 11:00 Uhr am letzten Tag des Aufenthalts.<\/li>\r\n<li>Wenn die Reservierung einen oder mehrere Tage vor der Ankunft storniert wird, erh\u00e4lt der Gast eine vollst\u00e4ndige R\u00fcckerstattung des gezahlten Betrags abz\u00fcglich der Provision des Zahlungsanbieters. Die R\u00fccksendung erfolgt innerhalb von maximal 7 Werktagen auf das angegebene Bankkonto. Im Falle einer Stornierung weniger als 1 Tag vor Anreise ist die Reservierung nicht erstattungsf\u00e4hig. Eine m\u00f6gliche R\u00fcckgabe in einem solchen Fall wird individuell gepr\u00fcft.<\/li>\r\n<li>Alle Beschwerden sollten schriftlich \u00fcber das Kontaktformular auf der Website hayduk.pl\/kontakt oder per E-Mail an die Adresse recepcja@hayduk.pl eingereicht werden. Die Frist zur Beantwortung der Beschwerde betr\u00e4gt bis zu 7 Werktage.<\/li>\r\n<\/ol>\r\n<h2 class=\"wp-block-heading\"><br \/><br \/><\/h2>\r\n","protected":false},"excerpt":{"rendered":"<p>Die Website hayduk.pl ist f\u00fcr die Buchung von Unterk\u00fcnften in Hayduk Apartments bestimmt. Eigent\u00fcmer der Website und der auf der Website pr\u00e4sentierten Apartments ist die Firma PPUH Hayduk Andrzej Wojtaszek-Hayduk, ul. Moniuszki 11, 68-200 \u017bary, NIP 928-000-05-36, REGON 970030228, Bankkontonummer der Santander Bank Polska SA 47 1090 2561 0000 0001 3427 3199 SWIFT-Code: WBKPPLP. Apartments [&hellip;]<\/p>\n","protected":false},"author":1,"featured_media":0,"parent":0,"menu_order":0,"comment_status":"closed","ping_status":"open","template":"","meta":{"footnotes":""},"class_list":["post-3139","page","type-page","status-publish","hentry"],"yoast_head":"<!-- This site is optimized with the Yoast SEO plugin v27.3 - https:\/\/yoast.com\/product\/yoast-seo-wordpress\/ -->\n<title>Mietbedingungen - Hayduk<\/title>\n<meta name=\"robots\" content=\"index, follow, max-snippet:-1, max-image-preview:large, max-video-preview:-1\" \/>\n<link rel=\"canonical\" href=\"https:\/\/hayduk.pl\/de\/mietbedingungen\/\" \/>\n<meta property=\"og:locale\" content=\"de_DE\" \/>\n<meta property=\"og:type\" content=\"article\" \/>\n<meta property=\"og:title\" content=\"Mietbedingungen - Hayduk\" \/>\n<meta property=\"og:description\" content=\"Die Website hayduk.pl ist f\u00fcr die Buchung von Unterk\u00fcnften in Hayduk Apartments bestimmt. Eigent\u00fcmer der Website und der auf der Website pr\u00e4sentierten Apartments ist die Firma PPUH Hayduk Andrzej Wojtaszek-Hayduk, ul. Moniuszki 11, 68-200 \u017bary, NIP 928-000-05-36, REGON 970030228, Bankkontonummer der Santander Bank Polska SA 47 1090 2561 0000 0001 3427 3199 SWIFT-Code: WBKPPLP. Apartments [&hellip;]\" \/>\n<meta property=\"og:url\" content=\"https:\/\/hayduk.pl\/de\/mietbedingungen\/\" \/>\n<meta property=\"og:site_name\" content=\"Hayduk\" \/>\n<meta property=\"article:modified_time\" content=\"2022-08-16T10:22:50+00:00\" \/>\n<meta name=\"twitter:card\" content=\"summary_large_image\" \/>\n<meta name=\"twitter:label1\" content=\"Gesch\u00e4tzte Lesezeit\" \/>\n\t<meta name=\"twitter:data1\" content=\"2\u00a0Minuten\" \/>\n<script type=\"application\/ld+json\" class=\"yoast-schema-graph\">{\"@context\":\"https:\\\/\\\/schema.org\",\"@graph\":[{\"@type\":\"WebPage\",\"@id\":\"https:\\\/\\\/hayduk.pl\\\/de\\\/mietbedingungen\\\/\",\"url\":\"https:\\\/\\\/hayduk.pl\\\/de\\\/mietbedingungen\\\/\",\"name\":\"Mietbedingungen - Hayduk\",\"isPartOf\":{\"@id\":\"https:\\\/\\\/hayduk.pl\\\/de\\\/#website\"},\"datePublished\":\"2022-06-15T10:45:35+00:00\",\"dateModified\":\"2022-08-16T10:22:50+00:00\",\"breadcrumb\":{\"@id\":\"https:\\\/\\\/hayduk.pl\\\/de\\\/mietbedingungen\\\/#breadcrumb\"},\"inLanguage\":\"de\",\"potentialAction\":[{\"@type\":\"ReadAction\",\"target\":[\"https:\\\/\\\/hayduk.pl\\\/de\\\/mietbedingungen\\\/\"]}]},{\"@type\":\"BreadcrumbList\",\"@id\":\"https:\\\/\\\/hayduk.pl\\\/de\\\/mietbedingungen\\\/#breadcrumb\",\"itemListElement\":[{\"@type\":\"ListItem\",\"position\":1,\"name\":\"Strona g\u0142\u00f3wna\",\"item\":\"https:\\\/\\\/hayduk.pl\\\/de\\\/heim\\\/\"},{\"@type\":\"ListItem\",\"position\":2,\"name\":\"Mietbedingungen\"}]},{\"@type\":\"WebSite\",\"@id\":\"https:\\\/\\\/hayduk.pl\\\/de\\\/#website\",\"url\":\"https:\\\/\\\/hayduk.pl\\\/de\\\/\",\"name\":\"Hayduk\",\"description\":\"Komfortowe apartamenty \u017bary\",\"potentialAction\":[{\"@type\":\"SearchAction\",\"target\":{\"@type\":\"EntryPoint\",\"urlTemplate\":\"https:\\\/\\\/hayduk.pl\\\/de\\\/?s={search_term_string}\"},\"query-input\":{\"@type\":\"PropertyValueSpecification\",\"valueRequired\":true,\"valueName\":\"search_term_string\"}}],\"inLanguage\":\"de\"}]}<\/script>\n<!-- \/ Yoast SEO plugin. -->","yoast_head_json":{"title":"Mietbedingungen - Hayduk","robots":{"index":"index","follow":"follow","max-snippet":"max-snippet:-1","max-image-preview":"max-image-preview:large","max-video-preview":"max-video-preview:-1"},"canonical":"https:\/\/hayduk.pl\/de\/mietbedingungen\/","og_locale":"de_DE","og_type":"article","og_title":"Mietbedingungen - Hayduk","og_description":"Die Website hayduk.pl ist f\u00fcr die Buchung von Unterk\u00fcnften in Hayduk Apartments bestimmt. Eigent\u00fcmer der Website und der auf der Website pr\u00e4sentierten Apartments ist die Firma PPUH Hayduk Andrzej Wojtaszek-Hayduk, ul. Moniuszki 11, 68-200 \u017bary, NIP 928-000-05-36, REGON 970030228, Bankkontonummer der Santander Bank Polska SA 47 1090 2561 0000 0001 3427 3199 SWIFT-Code: WBKPPLP. Apartments [&hellip;]","og_url":"https:\/\/hayduk.pl\/de\/mietbedingungen\/","og_site_name":"Hayduk","article_modified_time":"2022-08-16T10:22:50+00:00","twitter_card":"summary_large_image","twitter_misc":{"Gesch\u00e4tzte Lesezeit":"2\u00a0Minuten"},"schema":{"@context":"https:\/\/schema.org","@graph":[{"@type":"WebPage","@id":"https:\/\/hayduk.pl\/de\/mietbedingungen\/","url":"https:\/\/hayduk.pl\/de\/mietbedingungen\/","name":"Mietbedingungen - Hayduk","isPartOf":{"@id":"https:\/\/hayduk.pl\/de\/#website"},"datePublished":"2022-06-15T10:45:35+00:00","dateModified":"2022-08-16T10:22:50+00:00","breadcrumb":{"@id":"https:\/\/hayduk.pl\/de\/mietbedingungen\/#breadcrumb"},"inLanguage":"de","potentialAction":[{"@type":"ReadAction","target":["https:\/\/hayduk.pl\/de\/mietbedingungen\/"]}]},{"@type":"BreadcrumbList","@id":"https:\/\/hayduk.pl\/de\/mietbedingungen\/#breadcrumb","itemListElement":[{"@type":"ListItem","position":1,"name":"Strona g\u0142\u00f3wna","item":"https:\/\/hayduk.pl\/de\/heim\/"},{"@type":"ListItem","position":2,"name":"Mietbedingungen"}]},{"@type":"WebSite","@id":"https:\/\/hayduk.pl\/de\/#website","url":"https:\/\/hayduk.pl\/de\/","name":"Hayduk","description":"Komfortowe apartamenty \u017bary","potentialAction":[{"@type":"SearchAction","target":{"@type":"EntryPoint","urlTemplate":"https:\/\/hayduk.pl\/de\/?s={search_term_string}"},"query-input":{"@type":"PropertyValueSpecification","valueRequired":true,"valueName":"search_term_string"}}],"inLanguage":"de"}]}},"jetpack_sharing_enabled":true,"_links":{"self":[{"href":"https:\/\/hayduk.pl\/de\/wp-json\/wp\/v2\/pages\/3139","targetHints":{"allow":["GET"]}}],"collection":[{"href":"https:\/\/hayduk.pl\/de\/wp-json\/wp\/v2\/pages"}],"about":[{"href":"https:\/\/hayduk.pl\/de\/wp-json\/wp\/v2\/types\/page"}],"author":[{"embeddable":true,"href":"https:\/\/hayduk.pl\/de\/wp-json\/wp\/v2\/users\/1"}],"replies":[{"embeddable":true,"href":"https:\/\/hayduk.pl\/de\/wp-json\/wp\/v2\/comments?post=3139"}],"version-history":[{"count":3,"href":"https:\/\/hayduk.pl\/de\/wp-json\/wp\/v2\/pages\/3139\/revisions"}],"predecessor-version":[{"id":3357,"href":"https:\/\/hayduk.pl\/de\/wp-json\/wp\/v2\/pages\/3139\/revisions\/3357"}],"wp:attachment":[{"href":"https:\/\/hayduk.pl\/de\/wp-json\/wp\/v2\/media?parent=3139"}],"curies":[{"name":"wp","href":"https:\/\/api.w.org\/{rel}","templated":true}]}}