{"id":3131,"date":"2022-06-21T12:53:25","date_gmt":"2022-06-21T10:53:25","guid":{"rendered":"https:\/\/hayduk.pl\/preisliste\/"},"modified":"2025-04-24T14:03:47","modified_gmt":"2025-04-24T12:03:47","slug":"preisliste","status":"publish","type":"page","link":"https:\/\/hayduk.pl\/de\/preisliste\/","title":{"rendered":"Preisliste"},"content":{"rendered":"<p><strong>Wohnung 101<\/strong> Preis 280 z\u0142 pro Nacht f\u00fcr 3 Personen<\/p>\n<p><strong>Wohnung 102<\/strong> Preis 250 z\u0142 pro Nacht f\u00fcr 2 Personen<\/p>\n<p><strong>Flat 103<\/strong> Preis 250 z\u0142 pro Nacht f\u00fcr 2 Personen, 210 z\u0142 pro Nacht f\u00fcr 1 Person<\/p>\n<p><strong>Wohnung 104<\/strong> Preis 330 z\u0142 pro Nacht f\u00fcr 4 Personen, 300 z\u0142 pro Nacht f\u00fcr 3 Personen<\/p>\n<p><strong>Wohnung 105<\/strong> Preis 250 z\u0142 pro Nacht f\u00fcr 2 Personen<\/p>\n<p><strong>Wohnung 106<\/strong> Preis 250 z\u0142 pro Nacht f\u00fcr 2 Personen<\/p>\n<p><strong>Wohnung 107<\/strong> Preis 250 z\u0142 pro Nacht f\u00fcr 2 Personen<\/p>\n<p><strong>Wohnung 108<\/strong> Preis 250 z\u0142 pro Nacht f\u00fcr 2 Personen<\/p>\n<p><strong>Wohnung 109<\/strong> Preis 220 z\u0142 pro Nacht f\u00fcr 2 Personen, 200 z\u0142 pro Nacht f\u00fcr 1 Person<\/p>\n<p><strong>Wohnung 110<\/strong> Preis 250 z\u0142 pro Nacht f\u00fcr 2 Personen, 210 z\u0142 pro Nacht f\u00fcr 1 Person<\/p>\n<p><strong>Wohnung 111<\/strong> Preis 250 z\u0142 pro Nacht f\u00fcr 2 Personen, 210 z\u0142 pro Nacht f\u00fcr 1 Person<\/p>\n<p>Kinder schlafen auf vorhandenen Betten<\/p>\n<p>Zusatzbett f\u00fcr einen Erwachsenen +40 z\u0142 pro Nacht<\/p>\n<p>Zusatzbett &#8211; Babybett + 20 PLN pro Tag, Anzahl der Kinderbetten begrenzt<\/p>\n<p>&nbsp;<\/p>\n<p>&nbsp;<\/p>\n<p>&nbsp;<\/p>\n","protected":false},"excerpt":{"rendered":"<p>Wohnung 101 Preis 280 z\u0142 pro Nacht f\u00fcr 3 Personen Wohnung 102 Preis 250 z\u0142 pro Nacht f\u00fcr 2 Personen Flat 103 Preis 250 z\u0142 pro Nacht f\u00fcr 2 Personen, 210 z\u0142 pro Nacht f\u00fcr 1 Person Wohnung 104 Preis 330 z\u0142 pro Nacht f\u00fcr 4 Personen, 300 z\u0142 pro Nacht f\u00fcr 3 Personen Wohnung [&hellip;]<\/p>\n","protected":false},"author":2,"featured_media":0,"parent":0,"menu_order":0,"comment_status":"closed","ping_status":"closed","template":"","meta":{"footnotes":""},"class_list":["post-3131","page","type-page","status-publish","hentry"],"yoast_head":"<!-- This site is optimized with the Yoast SEO plugin v27.3 - https:\/\/yoast.com\/product\/yoast-seo-wordpress\/ -->\n<title>Preisliste - Hayduk<\/title>\n<meta name=\"robots\" content=\"index, follow, max-snippet:-1, max-image-preview:large, max-video-preview:-1\" \/>\n<link rel=\"canonical\" href=\"https:\/\/hayduk.pl\/de\/preisliste\/\" \/>\n<meta property=\"og:locale\" content=\"de_DE\" \/>\n<meta property=\"og:type\" content=\"article\" \/>\n<meta property=\"og:title\" content=\"Preisliste - Hayduk\" \/>\n<meta property=\"og:description\" content=\"Wohnung 101 Preis 280 z\u0142 pro Nacht f\u00fcr 3 Personen Wohnung 102 Preis 250 z\u0142 pro Nacht f\u00fcr 2 Personen Flat 103 Preis 250 z\u0142 pro Nacht f\u00fcr 2 Personen, 210 z\u0142 pro Nacht f\u00fcr 1 Person Wohnung 104 Preis 330 z\u0142 pro Nacht f\u00fcr 4 Personen, 300 z\u0142 pro Nacht f\u00fcr 3 Personen Wohnung [&hellip;]\" \/>\n<meta property=\"og:url\" content=\"https:\/\/hayduk.pl\/de\/preisliste\/\" \/>\n<meta property=\"og:site_name\" content=\"Hayduk\" \/>\n<meta property=\"article:modified_time\" content=\"2025-04-24T12:03:47+00:00\" \/>\n<meta name=\"twitter:card\" content=\"summary_large_image\" \/>\n<meta name=\"twitter:label1\" content=\"Gesch\u00e4tzte Lesezeit\" \/>\n\t<meta name=\"twitter:data1\" content=\"1\u00a0Minute\" \/>\n<script type=\"application\/ld+json\" class=\"yoast-schema-graph\">{\"@context\":\"https:\\\/\\\/schema.org\",\"@graph\":[{\"@type\":\"WebPage\",\"@id\":\"https:\\\/\\\/hayduk.pl\\\/de\\\/preisliste\\\/\",\"url\":\"https:\\\/\\\/hayduk.pl\\\/de\\\/preisliste\\\/\",\"name\":\"Preisliste - Hayduk\",\"isPartOf\":{\"@id\":\"https:\\\/\\\/hayduk.pl\\\/de\\\/#website\"},\"datePublished\":\"2022-06-21T10:53:25+00:00\",\"dateModified\":\"2025-04-24T12:03:47+00:00\",\"breadcrumb\":{\"@id\":\"https:\\\/\\\/hayduk.pl\\\/de\\\/preisliste\\\/#breadcrumb\"},\"inLanguage\":\"de\",\"potentialAction\":[{\"@type\":\"ReadAction\",\"target\":[\"https:\\\/\\\/hayduk.pl\\\/de\\\/preisliste\\\/\"]}]},{\"@type\":\"BreadcrumbList\",\"@id\":\"https:\\\/\\\/hayduk.pl\\\/de\\\/preisliste\\\/#breadcrumb\",\"itemListElement\":[{\"@type\":\"ListItem\",\"position\":1,\"name\":\"Strona g\u0142\u00f3wna\",\"item\":\"https:\\\/\\\/hayduk.pl\\\/de\\\/heim\\\/\"},{\"@type\":\"ListItem\",\"position\":2,\"name\":\"Preisliste\"}]},{\"@type\":\"WebSite\",\"@id\":\"https:\\\/\\\/hayduk.pl\\\/de\\\/#website\",\"url\":\"https:\\\/\\\/hayduk.pl\\\/de\\\/\",\"name\":\"Hayduk\",\"description\":\"Komfortowe apartamenty \u017bary\",\"potentialAction\":[{\"@type\":\"SearchAction\",\"target\":{\"@type\":\"EntryPoint\",\"urlTemplate\":\"https:\\\/\\\/hayduk.pl\\\/de\\\/?s={search_term_string}\"},\"query-input\":{\"@type\":\"PropertyValueSpecification\",\"valueRequired\":true,\"valueName\":\"search_term_string\"}}],\"inLanguage\":\"de\"}]}<\/script>\n<!-- \/ Yoast SEO plugin. -->","yoast_head_json":{"title":"Preisliste - Hayduk","robots":{"index":"index","follow":"follow","max-snippet":"max-snippet:-1","max-image-preview":"max-image-preview:large","max-video-preview":"max-video-preview:-1"},"canonical":"https:\/\/hayduk.pl\/de\/preisliste\/","og_locale":"de_DE","og_type":"article","og_title":"Preisliste - Hayduk","og_description":"Wohnung 101 Preis 280 z\u0142 pro Nacht f\u00fcr 3 Personen Wohnung 102 Preis 250 z\u0142 pro Nacht f\u00fcr 2 Personen Flat 103 Preis 250 z\u0142 pro Nacht f\u00fcr 2 Personen, 210 z\u0142 pro Nacht f\u00fcr 1 Person Wohnung 104 Preis 330 z\u0142 pro Nacht f\u00fcr 4 Personen, 300 z\u0142 pro Nacht f\u00fcr 3 Personen Wohnung [&hellip;]","og_url":"https:\/\/hayduk.pl\/de\/preisliste\/","og_site_name":"Hayduk","article_modified_time":"2025-04-24T12:03:47+00:00","twitter_card":"summary_large_image","twitter_misc":{"Gesch\u00e4tzte Lesezeit":"1\u00a0Minute"},"schema":{"@context":"https:\/\/schema.org","@graph":[{"@type":"WebPage","@id":"https:\/\/hayduk.pl\/de\/preisliste\/","url":"https:\/\/hayduk.pl\/de\/preisliste\/","name":"Preisliste - Hayduk","isPartOf":{"@id":"https:\/\/hayduk.pl\/de\/#website"},"datePublished":"2022-06-21T10:53:25+00:00","dateModified":"2025-04-24T12:03:47+00:00","breadcrumb":{"@id":"https:\/\/hayduk.pl\/de\/preisliste\/#breadcrumb"},"inLanguage":"de","potentialAction":[{"@type":"ReadAction","target":["https:\/\/hayduk.pl\/de\/preisliste\/"]}]},{"@type":"BreadcrumbList","@id":"https:\/\/hayduk.pl\/de\/preisliste\/#breadcrumb","itemListElement":[{"@type":"ListItem","position":1,"name":"Strona g\u0142\u00f3wna","item":"https:\/\/hayduk.pl\/de\/heim\/"},{"@type":"ListItem","position":2,"name":"Preisliste"}]},{"@type":"WebSite","@id":"https:\/\/hayduk.pl\/de\/#website","url":"https:\/\/hayduk.pl\/de\/","name":"Hayduk","description":"Komfortowe apartamenty \u017bary","potentialAction":[{"@type":"SearchAction","target":{"@type":"EntryPoint","urlTemplate":"https:\/\/hayduk.pl\/de\/?s={search_term_string}"},"query-input":{"@type":"PropertyValueSpecification","valueRequired":true,"valueName":"search_term_string"}}],"inLanguage":"de"}]}},"jetpack_sharing_enabled":true,"_links":{"self":[{"href":"https:\/\/hayduk.pl\/de\/wp-json\/wp\/v2\/pages\/3131","targetHints":{"allow":["GET"]}}],"collection":[{"href":"https:\/\/hayduk.pl\/de\/wp-json\/wp\/v2\/pages"}],"about":[{"href":"https:\/\/hayduk.pl\/de\/wp-json\/wp\/v2\/types\/page"}],"author":[{"embeddable":true,"href":"https:\/\/hayduk.pl\/de\/wp-json\/wp\/v2\/users\/2"}],"replies":[{"embeddable":true,"href":"https:\/\/hayduk.pl\/de\/wp-json\/wp\/v2\/comments?post=3131"}],"version-history":[{"count":2,"href":"https:\/\/hayduk.pl\/de\/wp-json\/wp\/v2\/pages\/3131\/revisions"}],"predecessor-version":[{"id":3434,"href":"https:\/\/hayduk.pl\/de\/wp-json\/wp\/v2\/pages\/3131\/revisions\/3434"}],"wp:attachment":[{"href":"https:\/\/hayduk.pl\/de\/wp-json\/wp\/v2\/media?parent=3131"}],"curies":[{"name":"wp","href":"https:\/\/api.w.org\/{rel}","templated":true}]}}